
{"id":92,"date":"2016-10-10T08:04:02","date_gmt":"2016-10-10T08:04:02","guid":{"rendered":"http:\/\/www.easyswim.com\/nl\/?page_id=92"},"modified":"2017-02-14T08:00:12","modified_gmt":"2017-02-14T08:00:12","slug":"loyda-lahin-easyswim-altaasi","status":"publish","type":"page","link":"https:\/\/www.easyswim.com\/fi\/loyda-lahin-easyswim-altaasi\/","title":{"rendered":"Zwembad in de buurt"},"content":{"rendered":"<section  class='av_textblock_section av-av_textblock-35972167d9f102c5ddaec0c531c98b9e '   itemscope=\"itemscope\" itemtype=\"https:\/\/schema.org\/CreativeWork\" ><div class='avia_textblock'  itemprop=\"text\" ><h1 style=\"text-align: center\">Uima-altaat l\u00e4hell\u00e4 sinua<\/h1>\n<\/div><\/section>\n<section  class='av_textblock_section av-av_textblock-35972167d9f102c5ddaec0c531c98b9e '   itemscope=\"itemscope\" itemtype=\"https:\/\/schema.org\/CreativeWork\" ><div class='avia_textblock'  itemprop=\"text\" ><p style=\"text-align: center\"><strong>Yh\u00e4 enemm\u00e4n lapsia oppii uimaan EasySwim-uimaopetusmetodin avulla. Viime vuosien aikana EasySwim on kasvanut yleisesti k\u00e4ytetyksi uimaopetus-metodiksi ja lapset rakastavat sit\u00e4. Pelk\u00e4st\u00e4\u00e4n Suomessa yli 18 uimahallissa voi opetella ilon kautta uimaan!<\/strong><\/p>\n<p style=\"text-align: center\"><strong>EasySwim-metodi on helppo todistaa toimivaksi pelk\u00e4st\u00e4\u00e4n tarkastelemalla uimahallien ja uimaseurojen jatkuvasti kasvavaa m\u00e4\u00e4r\u00e4\u00e4, joissa metodia k\u00e4ytet\u00e4\u00e4n. Meille huomattavasti t\u00e4rke\u00e4mpi tyytyv\u00e4isyysmittari kuitenkin on lasten iloiset naamat ja leve\u00e4t hymyt tuntien j\u00e4lkeen, jotka johtavat my\u00f6s vanhempien tyytyv\u00e4isyyteen.<\/strong><\/p>\n<p style=\"text-align: center\"><strong>EasySwim-metodin keski\u00f6ss\u00e4 on aina lapsi, jolle haluamme tuottaa ilon ja riemun tunteita uimaopetuksen avulla!<\/strong><\/p>\n<\/div><\/section>\n\n","protected":false},"excerpt":{"rendered":"","protected":false},"author":1,"featured_media":0,"parent":0,"menu_order":0,"comment_status":"closed","ping_status":"closed","template":"","meta":{"footnotes":""},"_links":{"self":[{"href":"https:\/\/www.easyswim.com\/fi\/wp-json\/wp\/v2\/pages\/92"}],"collection":[{"href":"https:\/\/www.easyswim.com\/fi\/wp-json\/wp\/v2\/pages"}],"about":[{"href":"https:\/\/www.easyswim.com\/fi\/wp-json\/wp\/v2\/types\/page"}],"author":[{"embeddable":true,"href":"https:\/\/www.easyswim.com\/fi\/wp-json\/wp\/v2\/users\/1"}],"replies":[{"embeddable":true,"href":"https:\/\/www.easyswim.com\/fi\/wp-json\/wp\/v2\/comments?post=92"}],"version-history":[{"count":15,"href":"https:\/\/www.easyswim.com\/fi\/wp-json\/wp\/v2\/pages\/92\/revisions"}],"predecessor-version":[{"id":3496,"href":"https:\/\/www.easyswim.com\/fi\/wp-json\/wp\/v2\/pages\/92\/revisions\/3496"}],"wp:attachment":[{"href":"https:\/\/www.easyswim.com\/fi\/wp-json\/wp\/v2\/media?parent=92"}],"curies":[{"name":"wp","href":"https:\/\/api.w.org\/{rel}","templated":true}]}}