
{"id":3776,"date":"2017-12-05T07:57:06","date_gmt":"2017-12-05T07:57:06","guid":{"rendered":"http:\/\/www.easyswim.com\/fi\/?page_id=3776"},"modified":"2018-01-26T14:03:34","modified_gmt":"2018-01-26T14:03:34","slug":"ilmoittaudu","status":"publish","type":"page","link":"https:\/\/www.easyswim.com\/fi\/ilmoittaudu\/","title":{"rendered":"Ilmoittaudu"},"content":{"rendered":"<section  class='av_textblock_section av-av_textblock-35972167d9f102c5ddaec0c531c98b9e '   itemscope=\"itemscope\" itemtype=\"https:\/\/schema.org\/CreativeWork\" ><div class='avia_textblock'  itemprop=\"text\" ><p>[layerslider id=&#8221;7&#8243;]<\/p>\n<h1>Vuoden 2018 kurssit &amp; ilmoittautuminen <em>(t\u00e4ynn\u00e4)<\/em><\/h1>\n<h3><\/h3>\n<h3><\/h3>\n<h3>HUOM. EasySwim H\u00e4meenlinnan kurssit Voutilakeskuksessa ovat t\u00e4ynn\u00e4! H\u00e4meenlinnan liikuntahallit Oy aloittaa EasySwim-tuntien j\u00e4rjest\u00e4misen ja ne pidet\u00e4\u00e4n H\u00e4meenlinnan uimahallissa 12.2. alkaen maanantaisin 16:30-17:30.<\/h3>\n<p><div  class='avia-button-wrap av-av_button-5bc9d4dfcc0dffd5c464c5b34b9755b4-wrap avia-button-center  avia-builder-el-1  el_before_av_hr  avia-builder-el-first '><a href='http:\/\/kuntapalvelut.fi\/hameenlinna\/course.php?l=fi&amp;t=889' class='avia-button av-av_button-5bc9d4dfcc0dffd5c464c5b34b9755b4 avia-icon_select-no avia-size-large avia-position-center avia-color-theme-color' target=\"_blank\" rel=\"noopener noreferrer\"><span class='avia_iconbox_title' >Lue lis\u00e4\u00e4 H\u00e4meenlinnan liikuntahallien EasySwim-tunneista<\/span><\/a><\/div><br \/>\n<div  class='hr av-av_hr-f39949d50f14a9ad8ff676ca560510e8 hr-default  avia-builder-el-2  el_after_av_button  avia-builder-el-last '><span class='hr-inner '><span class=\"hr-inner-style\"><\/span><\/span><\/div><\/p>\n<h3>Miss\u00e4?<\/h3>\n<p>Uimatunnit pidet\u00e4\u00e4n <a href=\"http:\/\/www.hameenlinna.fi\/Palvelut\/Ikaihmisten_palvelut\/Asuminen\/Vanhainkodit\/Voutilakeskus\/\">Voutilakeskuksen<\/a> uima-altaassa, josta ryhmille on varattu harjoituksiin soveltuva tila. Voutilakeskus sijaitsee osoitteessa\u00a0<a href=\"https:\/\/www.google.fi\/maps\/dir\/''\/''\/@60.9784586,24.3536656,12z\/data=!3m1!4b1!4m8!4m7!1m0!1m5!1m1!1s0x468e67675528b8cb:0xb6cade77b939096!2m2!1d24.4237048!2d60.9784768\">Pollentie 35, 13500 H\u00e4meenlinna<\/a>.<\/p>\n<h3>Milloin?<\/h3>\n<p>EasySwim kev\u00e4tkausi alkaa 14.1. ja p\u00e4\u00e4ttyy 27.5. Uimatunnit pidet\u00e4\u00e4n sunnuntaisin (ei j\u00e4rjestet\u00e4 hiihtolomalla 25.2. eik\u00e4 p\u00e4\u00e4si\u00e4isen\u00e4 1.4).<\/p>\n<h3>Hinta?<\/h3>\n<p>Kev\u00e4tkauden 2018 EasySwim-kurssin hinta on <strong>214 \u20ac, <\/strong>mik\u00e4 sis\u00e4lt\u00e4\u00e4 18 uimahupituntia. Sisaralennus on -10%.<\/p>\n<h3>Vanhojen oppilaiden ilmoittautuminen?<\/h3>\n<p>Ryhmiss\u00e4 ilmoitetut\u00a0 uudet aloituspaikat tarkoittavat uusien oppilaiden m\u00e4\u00e4r\u00e4\u00e4. Vanhoilla EasySwim-oppilailla on aina etusija alkaville kursseille, jotta harrastuksen jatkuminen voidaan taata. Kaikkien kurssilaisten tulee kuitenkin ilmoittautua s\u00e4hk\u00f6isesti allaoleviin ryhmin, jos et tied\u00e4 mihin ryhm\u00e4\u00e4n lapsesi kuuluu otathan yhteytt\u00e4 ohjaajaan tai kys\u00e4iset s\u00e4hk\u00f6postilla <a href=\"mailto:info@easyswim.fi\">info@easyswim.fi <\/a><\/p>\n<h3>Uusien oppilaiden ilmoittautuminen?<\/h3>\n<p>Ryhmiin merkityt vapaat aloituspaikat tarkoittavat uusien oppilaiden maksimim\u00e4\u00e4r\u00e4\u00e4 kussakin ryhm\u00e4ss\u00e4. Jos kurssilla on tilaa, uuden oppilaan voi ilmoittaa s\u00e4hk\u00f6isesti ilmoittautumislomakkeen kautta ja annamme mieluusti lis\u00e4tietoa EasySwim-kursseista sek\u00e4 autamme sopivan ryhm\u00e4n valitsemisessa <a href=\"mailto:info@easyswim.fi\">info@easyswim.fi <\/a>tai\u00a0010 2797606<\/p>\n<\/div><\/section>\n<\/div><\/div><\/div><!-- close content main div --><\/div><\/div><div id='av_section_1'  class='avia-section av-av_section-bb9bdb22c7f9e6bf1d52c155825dc7f7 main_color avia-section-default avia-no-shadow  avia-builder-el-3  el_after_av_textblock  el_before_av_section  avia-bg-style-scroll container_wrap fullsize'  ><div class='container av-section-cont-open' ><div class='template-page content  av-content-full alpha units'><div class='post-entry post-entry-type-page post-entry-3776'><div class='entry-content-wrapper clearfix'>\n<section  class='av_textblock_section av-av_textblock-35972167d9f102c5ddaec0c531c98b9e '   itemscope=\"itemscope\" itemtype=\"https:\/\/schema.org\/CreativeWork\" ><div class='avia_textblock'  itemprop=\"text\" ><h3>EASYSWIM ADVANCED<\/h3>\n<\/div><\/section>\n\n<style type=\"text\/css\" data-created_by=\"avia_inline_auto\" id=\"style-css-av-av_two_third-6126cab7d8fab8d08143dd2dacdf673c\">\n.flex_column.av-av_two_third-6126cab7d8fab8d08143dd2dacdf673c{\nborder-radius:0px 0px 0px 0px;\npadding:0px 0px 0px 0px;\n}\n<\/style>\n<div  class='flex_column av-av_two_third-6126cab7d8fab8d08143dd2dacdf673c av_two_third  avia-builder-el-5  el_after_av_textblock  el_before_av_one_third  first flex_column_div av-zero-column-padding  column-top-margin'     ><p><section  class='av_textblock_section av-av_textblock-35972167d9f102c5ddaec0c531c98b9e '   itemscope=\"itemscope\" itemtype=\"https:\/\/schema.org\/CreativeWork\" ><div class='avia_textblock'  itemprop=\"text\" ><p>EasySwim Advanced on 5-7 -vuotiaille tarkoitettu ryhm\u00e4, jossa opetellaan uimaan hauskalla tavalla. Oppiminen perustuu pedagogisesti tehokkaaksi todettuun EasySwim-uinninopetusmetodiin. Kurssin tavoitteena on EasySwim Diplomi, joka takaa elinik\u00e4isen vesiturvallisuuden.<\/p>\n<p><strong>Advanced klo 12:45-13:30<br \/>\n<\/strong><span style=\"color: #ff0000\">(T\u00c4YNN\u00c4)<\/span><\/p>\n<p><strong>Advanced klo 13:30-14:15<br \/>\n<\/strong><span style=\"color: #ff0000\">(T\u00c4YNN\u00c4)<\/span><\/p>\n<p><strong>Advanced klo 14:15-15:00<br \/>\n<\/strong>(uusia aloituspaikkoja 2 kpl)<\/p>\n<\/div><\/section><br \/>\n<div  class='avia-button-wrap av-av_button-73c0c9cea88cdde102763ff329d9770e-wrap avia-button-center  avia-builder-el-7  el_after_av_textblock  el_before_av_button '><a href=''  class='avia-button av-av_button-73c0c9cea88cdde102763ff329d9770e avia-icon_select-no avia-size-large avia-position-center avia-color-theme-color-subtle'  ><span class='avia_iconbox_title' >Ilmoittaudu Advanced klo 12:45-13:30<\/span><\/a><\/div><br \/>\n<div  class='avia-button-wrap av-av_button-d6b10233cc56b70a3825a547e76035ea-wrap avia-button-center  avia-builder-el-8  el_after_av_button  el_before_av_button '><a href=''  class='avia-button av-av_button-d6b10233cc56b70a3825a547e76035ea avia-icon_select-no avia-size-large avia-position-center avia-color-theme-color-subtle'  ><span class='avia_iconbox_title' >Ilmoittaudu Advanced klo 13:30-14:15<\/span><\/a><\/div><br \/>\n<div  class='avia-button-wrap av-av_button-b77fb707c0f60e95d8ccaa0dfc6921eb-wrap avia-button-center  avia-builder-el-9  el_after_av_button  avia-builder-el-last '><a href=''  class='avia-button av-av_button-b77fb707c0f60e95d8ccaa0dfc6921eb avia-icon_select-no avia-size-large avia-position-center avia-color-theme-color-subtle'  ><span class='avia_iconbox_title' >Ilmoittaudu Advanced klo 14:15-15:30<\/span><\/a><\/div><\/p><\/div>\n<style type=\"text\/css\" data-created_by=\"avia_inline_auto\" id=\"style-css-av-av_one_third-0aa7055fe62c3622faec82866afbaeb2\">\n.flex_column.av-av_one_third-0aa7055fe62c3622faec82866afbaeb2{\nborder-radius:0px 0px 0px 0px;\npadding:0px 0px 0px 0px;\n}\n<\/style>\n<div  class='flex_column av-av_one_third-0aa7055fe62c3622faec82866afbaeb2 av_one_third  avia-builder-el-10  el_after_av_two_third  avia-builder-el-last  flex_column_div av-zero-column-padding  column-top-margin'     ><style type=\"text\/css\" data-created_by=\"avia_inline_auto\" id=\"style-css-av-av_image-f617d70be7d62e0beba7a3b3e20f1753\">\n.avia-image-container.av-av_image-f617d70be7d62e0beba7a3b3e20f1753 img.avia_image{\nbox-shadow:none;\n}\n.avia-image-container.av-av_image-f617d70be7d62e0beba7a3b3e20f1753 .av-image-caption-overlay-center{\ncolor:#ffffff;\n}\n<\/style>\n<div  class='avia-image-container av-av_image-f617d70be7d62e0beba7a3b3e20f1753 av-styling- av-hover-grow avia_animated_image av-animated-when-visible-95 fade-in avia-align-left  avia-builder-el-11  avia-builder-el-no-sibling '   itemprop=\"image\" itemscope=\"itemscope\" itemtype=\"https:\/\/schema.org\/ImageObject\" ><div class=\"avia-image-container-inner\"><div class=\"avia-image-overlay-wrap\"><img fetchpriority=\"high\" class='wp-image-3415 avia-img-lazy-loading-not-3415 avia_image ' src='https:\/\/www.easyswim.com\/fi\/wp-content\/uploads\/sites\/5\/2016\/10\/diepwater.png' alt='' title='diepwater'  height=\"217\" width=\"219\"  itemprop=\"thumbnailUrl\"  \/><\/div><\/div><\/div><\/div>\n\n<\/div><\/div><\/div><!-- close content main div --><\/div><\/div><div id='av_section_2'  class='avia-section av-av_section-bb9bdb22c7f9e6bf1d52c155825dc7f7 main_color avia-section-default avia-no-shadow  avia-builder-el-12  el_after_av_section  el_before_av_section  avia-bg-style-scroll container_wrap fullsize'  ><div class='container av-section-cont-open' ><div class='template-page content  av-content-full alpha units'><div class='post-entry post-entry-type-page post-entry-3776'><div class='entry-content-wrapper clearfix'>\n<section  class='av_textblock_section av-av_textblock-0366cc7376be6c9e82a3e9cc8987b64f '   itemscope=\"itemscope\" itemtype=\"https:\/\/schema.org\/CreativeWork\" ><div class='avia_textblock'  itemprop=\"text\" ><h3>EASYSWIM SURVIVAL<\/h3>\n<\/div><\/section>\n\n<style type=\"text\/css\" data-created_by=\"avia_inline_auto\" id=\"style-css-av-av_one_third-6126cab7d8fab8d08143dd2dacdf673c\">\n.flex_column.av-av_one_third-6126cab7d8fab8d08143dd2dacdf673c{\nborder-radius:0px 0px 0px 0px;\npadding:0px 0px 0px 0px;\n}\n<\/style>\n<div  class='flex_column av-av_one_third-6126cab7d8fab8d08143dd2dacdf673c av_one_third  avia-builder-el-14  el_after_av_textblock  el_before_av_two_third  first flex_column_div av-zero-column-padding  column-top-margin'     ><style type=\"text\/css\" data-created_by=\"avia_inline_auto\" id=\"style-css-av-av_image-9b7f55e7a6441321f5374855f96c972c\">\n.avia-image-container.av-av_image-9b7f55e7a6441321f5374855f96c972c img.avia_image{\nbox-shadow:none;\n}\n.avia-image-container.av-av_image-9b7f55e7a6441321f5374855f96c972c .av-image-caption-overlay-center{\ncolor:#ffffff;\n}\n<\/style>\n<div  class='avia-image-container av-av_image-9b7f55e7a6441321f5374855f96c972c av-styling- av-hover-grow avia_animated_image av-animated-when-visible-95 fade-in avia-align-  avia-builder-el-15  avia-builder-el-no-sibling '   itemprop=\"image\" itemscope=\"itemscope\" itemtype=\"https:\/\/schema.org\/ImageObject\" ><div class=\"avia-image-container-inner\"><div class=\"avia-image-overlay-wrap\"><img fetchpriority=\"high\" class='wp-image-3414 avia-img-lazy-loading-not-3414 avia_image ' src='https:\/\/www.easyswim.com\/fi\/wp-content\/uploads\/sites\/5\/2016\/10\/betrokkenheid.png' alt='' title=''  height=\"217\" width=\"219\"  itemprop=\"thumbnailUrl\"  \/><\/div><\/div><\/div><\/div>\n<style type=\"text\/css\" data-created_by=\"avia_inline_auto\" id=\"style-css-av-av_two_third-0aa7055fe62c3622faec82866afbaeb2\">\n.flex_column.av-av_two_third-0aa7055fe62c3622faec82866afbaeb2{\nborder-radius:0px 0px 0px 0px;\npadding:0px 0px 0px 0px;\n}\n<\/style>\n<div  class='flex_column av-av_two_third-0aa7055fe62c3622faec82866afbaeb2 av_two_third  avia-builder-el-16  el_after_av_one_third  avia-builder-el-last  flex_column_div av-zero-column-padding  column-top-margin'     ><p><section  class='av_textblock_section av-av_textblock-35972167d9f102c5ddaec0c531c98b9e '   itemscope=\"itemscope\" itemtype=\"https:\/\/schema.org\/CreativeWork\" ><div class='avia_textblock'  itemprop=\"text\" ><p>EasySwim Survival on 3-5 -vuotiaille tarkoitettu ryhm\u00e4. Ryhm\u00e4\u00e4n tullessa ei tarvita uimataitoa. Ryhm\u00e4n tavoite on saada lapsi tulemaan toimeen vedess\u00e4. Lis\u00e4ksi lapsi oppii kurssilla pelastautumaan vedest\u00e4, jos h\u00e4n sinne yll\u00e4tt\u00e4en joutuu. T\u00e4m\u00e4 on lapsen todellinen vesiselviytymiskurssi!<\/p>\n<p><strong>Survival klo 12:15-12:45<br \/>\n<\/strong><span style=\"color: #ff0000\">(T\u00c4YNN\u00c4)<\/span><\/p>\n<p><strong>Survival klo 15:30-16:00<br \/>\n<\/strong><span style=\"color: #ff0000\">(T\u00c4YNN\u00c4)<\/span><\/p>\n<\/div><\/section><br \/>\n<div  class='avia-button-wrap av-av_button-7bbdd1bd2f6bf27b5c70555acb9ec59b-wrap avia-button-center  avia-builder-el-18  el_after_av_textblock  el_before_av_button '><a href=''  class='avia-button av-av_button-7bbdd1bd2f6bf27b5c70555acb9ec59b avia-icon_select-no avia-size-large avia-position-center avia-color-theme-color-subtle'  ><span class='avia_iconbox_title' >Ilmoittaudu Survival klo 12:15-12:30<\/span><\/a><\/div><br \/>\n<div  class='avia-button-wrap av-av_button-d0ebadb1d03eb58055ba0243987c35f7-wrap avia-button-center  avia-builder-el-19  el_after_av_button  avia-builder-el-last '><a href=''  class='avia-button av-av_button-d0ebadb1d03eb58055ba0243987c35f7 avia-icon_select-no avia-size-large avia-position-center avia-color-theme-color-subtle'  ><span class='avia_iconbox_title' >Ilmoittaudu Survival klo 15:30-16:00<\/span><\/a><\/div><\/p><\/div>\n\n<\/div><\/div><\/div><!-- close content main div --><\/div><\/div><div id='av_section_3'  class='avia-section av-av_section-bb9bdb22c7f9e6bf1d52c155825dc7f7 main_color avia-section-default avia-no-shadow  avia-builder-el-20  el_after_av_section  el_before_av_section  avia-bg-style-scroll container_wrap fullsize'  ><div class='container av-section-cont-open' ><div class='template-page content  av-content-full alpha units'><div class='post-entry post-entry-type-page post-entry-3776'><div class='entry-content-wrapper clearfix'>\n<section  class='av_textblock_section av-av_textblock-0366cc7376be6c9e82a3e9cc8987b64f '   itemscope=\"itemscope\" itemtype=\"https:\/\/schema.org\/CreativeWork\" ><div class='avia_textblock'  itemprop=\"text\" ><h3>EASYSWIM FAMILY<\/h3>\n<\/div><\/section>\n\n<style type=\"text\/css\" data-created_by=\"avia_inline_auto\" id=\"style-css-av-av_two_third-6126cab7d8fab8d08143dd2dacdf673c\">\n.flex_column.av-av_two_third-6126cab7d8fab8d08143dd2dacdf673c{\nborder-radius:0px 0px 0px 0px;\npadding:0px 0px 0px 0px;\n}\n<\/style>\n<div  class='flex_column av-av_two_third-6126cab7d8fab8d08143dd2dacdf673c av_two_third  avia-builder-el-22  el_after_av_textblock  el_before_av_one_third  first flex_column_div av-zero-column-padding  column-top-margin'     ><p><section  class='av_textblock_section av-av_textblock-35972167d9f102c5ddaec0c531c98b9e '   itemscope=\"itemscope\" itemtype=\"https:\/\/schema.org\/CreativeWork\" ><div class='avia_textblock'  itemprop=\"text\" ><p>EasySwim Family on 1-3 -vuotiaille tarkoitettu ryhm\u00e4, jossa vanhemmat ovat mukana altaassa. Kurssilla totutellaan vedess\u00e4 olemiseen ja opitaan vesiturvallisuuden alkeet.<\/p>\n<p><strong>Family klo 15-15:30<br \/>\n<\/strong><span style=\"color: #ff0000\">(T\u00c4YNN\u00c4)<\/span><\/p>\n<\/div><\/section><br \/>\n<div  class='avia-button-wrap av-av_button-edfd214edaf012286ce3102ab43fabd5-wrap avia-button-center  avia-builder-el-24  el_after_av_textblock  avia-builder-el-last '><a href=''  class='avia-button av-av_button-edfd214edaf012286ce3102ab43fabd5 avia-icon_select-no avia-size-large avia-position-center avia-color-theme-color-subtle'  ><span class='avia_iconbox_title' >Ilmoittaudu Family klo 15:00-15:30<\/span><\/a><\/div><\/p><\/div>\n<style type=\"text\/css\" data-created_by=\"avia_inline_auto\" id=\"style-css-av-av_one_third-0aa7055fe62c3622faec82866afbaeb2\">\n.flex_column.av-av_one_third-0aa7055fe62c3622faec82866afbaeb2{\nborder-radius:0px 0px 0px 0px;\npadding:0px 0px 0px 0px;\n}\n<\/style>\n<div  class='flex_column av-av_one_third-0aa7055fe62c3622faec82866afbaeb2 av_one_third  avia-builder-el-25  el_after_av_two_third  avia-builder-el-last  flex_column_div av-zero-column-padding  column-top-margin'     ><style type=\"text\/css\" data-created_by=\"avia_inline_auto\" id=\"style-css-av-av_image-36f9d122a554b87c8adcc474a3dbd97e\">\n.avia-image-container.av-av_image-36f9d122a554b87c8adcc474a3dbd97e img.avia_image{\nbox-shadow:none;\n}\n.avia-image-container.av-av_image-36f9d122a554b87c8adcc474a3dbd97e .av-image-caption-overlay-center{\ncolor:#ffffff;\n}\n<\/style>\n<div  class='avia-image-container av-av_image-36f9d122a554b87c8adcc474a3dbd97e av-styling- av-hover-grow avia_animated_image av-animated-when-visible-95 fade-in avia-align-right  avia-builder-el-26  avia-builder-el-no-sibling '   itemprop=\"image\" itemscope=\"itemscope\" itemtype=\"https:\/\/schema.org\/ImageObject\" ><div class=\"avia-image-container-inner\"><div class=\"avia-image-overlay-wrap\"><img fetchpriority=\"high\" class='wp-image-3417 avia-img-lazy-loading-not-3417 avia_image ' src='https:\/\/www.easyswim.com\/fi\/wp-content\/uploads\/sites\/5\/2016\/10\/relatie.png' alt='' title='StartUp-koulutus'  height=\"217\" width=\"219\"  itemprop=\"thumbnailUrl\"  \/><\/div><\/div><\/div><\/div>\n\n<\/div><\/div><\/div><!-- close content main div --><\/div><\/div><div id='av_section_4'  class='avia-section av-av_section-bb9bdb22c7f9e6bf1d52c155825dc7f7 main_color avia-section-default avia-no-shadow  avia-builder-el-27  el_after_av_section  avia-builder-el-last  avia-bg-style-scroll container_wrap fullsize'  ><div class='container av-section-cont-open' ><div class='template-page content  av-content-full alpha units'><div class='post-entry post-entry-type-page post-entry-3776'><div class='entry-content-wrapper clearfix'>\n<section  class='av_textblock_section av-av_textblock-0366cc7376be6c9e82a3e9cc8987b64f '   itemscope=\"itemscope\" itemtype=\"https:\/\/schema.org\/CreativeWork\" ><div class='avia_textblock'  itemprop=\"text\" ><h3>EASYSWIM DIPLOMIRYHM\u00c4<\/h3>\n<\/div><\/section>\n\n<style type=\"text\/css\" data-created_by=\"avia_inline_auto\" id=\"style-css-av-av_one_third-6126cab7d8fab8d08143dd2dacdf673c\">\n.flex_column.av-av_one_third-6126cab7d8fab8d08143dd2dacdf673c{\nborder-radius:0px 0px 0px 0px;\npadding:0px 0px 0px 0px;\n}\n<\/style>\n<div  class='flex_column av-av_one_third-6126cab7d8fab8d08143dd2dacdf673c av_one_third  avia-builder-el-29  el_after_av_textblock  el_before_av_two_third  first flex_column_div av-zero-column-padding  column-top-margin'     ><style type=\"text\/css\" data-created_by=\"avia_inline_auto\" id=\"style-css-av-av_image-2f51ee1314f29507c00f333c56d84088\">\n.avia-image-container.av-av_image-2f51ee1314f29507c00f333c56d84088 img.avia_image{\nbox-shadow:none;\n}\n.avia-image-container.av-av_image-2f51ee1314f29507c00f333c56d84088 .av-image-caption-overlay-center{\ncolor:#ffffff;\n}\n<\/style>\n<div  class='avia-image-container av-av_image-2f51ee1314f29507c00f333c56d84088 av-styling- avia_animated_image av-animated-when-visible-95 fade-in avia-align-left  avia-builder-el-30  avia-builder-el-no-sibling '   itemprop=\"image\" itemscope=\"itemscope\" itemtype=\"https:\/\/schema.org\/ImageObject\" ><div class=\"avia-image-container-inner\"><div class=\"avia-image-overlay-wrap\"><img fetchpriority=\"high\" class='wp-image-3416 avia-img-lazy-loading-not-3416 avia_image ' src='https:\/\/www.easyswim.com\/fi\/wp-content\/uploads\/sites\/5\/2016\/10\/groepjes.png' alt='Diplomiryhm\u00e4' title='Diplomiryhm\u00e4'  height=\"217\" width=\"219\"  itemprop=\"thumbnailUrl\"  \/><\/div><\/div><\/div><\/div>\n<style type=\"text\/css\" data-created_by=\"avia_inline_auto\" id=\"style-css-av-av_two_third-0aa7055fe62c3622faec82866afbaeb2\">\n.flex_column.av-av_two_third-0aa7055fe62c3622faec82866afbaeb2{\nborder-radius:0px 0px 0px 0px;\npadding:0px 0px 0px 0px;\n}\n<\/style>\n<div  class='flex_column av-av_two_third-0aa7055fe62c3622faec82866afbaeb2 av_two_third  avia-builder-el-31  el_after_av_one_third  avia-builder-el-last  flex_column_div av-zero-column-padding  column-top-margin'     ><p><section  class='av_textblock_section av-av_textblock-35972167d9f102c5ddaec0c531c98b9e '   itemscope=\"itemscope\" itemtype=\"https:\/\/schema.org\/CreativeWork\" ><div class='avia_textblock'  itemprop=\"text\" ><p>EasySwim Diplomiryhm\u00e4 on tarkoitettu uimareille, jotka ovat jo suorittaneet EasySwim Diplomin. Kurssilla perehdyt\u00e4\u00e4n uinnin tekniikoihin syvemmin hauskuutta unohtumatta.<\/p>\n<p><b>Diplomi klo 16:00-16:45<br \/>\n<\/b><span style=\"color: #ff0000\">(T\u00c4YNN\u00c4)<\/span><\/p>\n<p><strong>Swimmers klo 16:45-17:30<br \/>\n<\/strong><\/p>\n<\/div><\/section><br \/>\n<div  class='avia-button-wrap av-av_button-60994d9826d64d93bfafeed8e0f7e333-wrap avia-button-center  avia-builder-el-33  el_after_av_textblock  el_before_av_button '><a href=''  class='avia-button av-av_button-60994d9826d64d93bfafeed8e0f7e333 avia-icon_select-no avia-size-large avia-position-center avia-color-theme-color-subtle'  ><span class='avia_iconbox_title' >Ilmoittaudu Diplomi klo 16:00-16:45<\/span><\/a><\/div><br \/>\n<div  class='avia-button-wrap av-av_button-8dc68694d93cc2b3b2eb688e7ca350eb-wrap avia-button-center  avia-builder-el-34  el_after_av_button  avia-builder-el-last '><a href=''  class='avia-button av-av_button-8dc68694d93cc2b3b2eb688e7ca350eb avia-icon_select-no avia-size-large avia-position-center avia-color-theme-color-subtle'  ><span class='avia_iconbox_title' >Ilmoittaudu Swimmers klo 16:45-17:30<\/span><\/a><\/div><\/p><\/div>\n\n","protected":false},"excerpt":{"rendered":"","protected":false},"author":6,"featured_media":0,"parent":0,"menu_order":0,"comment_status":"closed","ping_status":"closed","template":"","meta":{"footnotes":""},"_links":{"self":[{"href":"https:\/\/www.easyswim.com\/fi\/wp-json\/wp\/v2\/pages\/3776"}],"collection":[{"href":"https:\/\/www.easyswim.com\/fi\/wp-json\/wp\/v2\/pages"}],"about":[{"href":"https:\/\/www.easyswim.com\/fi\/wp-json\/wp\/v2\/types\/page"}],"author":[{"embeddable":true,"href":"https:\/\/www.easyswim.com\/fi\/wp-json\/wp\/v2\/users\/6"}],"replies":[{"embeddable":true,"href":"https:\/\/www.easyswim.com\/fi\/wp-json\/wp\/v2\/comments?post=3776"}],"version-history":[{"count":41,"href":"https:\/\/www.easyswim.com\/fi\/wp-json\/wp\/v2\/pages\/3776\/revisions"}],"predecessor-version":[{"id":3861,"href":"https:\/\/www.easyswim.com\/fi\/wp-json\/wp\/v2\/pages\/3776\/revisions\/3861"}],"wp:attachment":[{"href":"https:\/\/www.easyswim.com\/fi\/wp-json\/wp\/v2\/media?parent=3776"}],"curies":[{"name":"wp","href":"https:\/\/api.w.org\/{rel}","templated":true}]}}