
{"id":3733,"date":"2017-06-30T11:05:22","date_gmt":"2017-06-30T11:05:22","guid":{"rendered":"http:\/\/www.easyswim.com\/fi\/?page_id=3733"},"modified":"2017-12-15T14:59:01","modified_gmt":"2017-12-15T14:59:01","slug":"hameenlinna","status":"publish","type":"page","link":"https:\/\/www.easyswim.com\/fi\/hameenlinna\/","title":{"rendered":"EasySwim H\u00e4meenlinna"},"content":{"rendered":"<section  class='av_textblock_section av-av_textblock-35972167d9f102c5ddaec0c531c98b9e '   itemscope=\"itemscope\" itemtype=\"https:\/\/schema.org\/CreativeWork\" ><div class='avia_textblock'  itemprop=\"text\" ><p>[layerslider id=&#8221;6&#8243;]<\/p>\n<p style=\"text-align: center;font-size: 40px\"><span style=\"color: #3399cc\">Uima<\/span><span style=\"color: #ff0099\">hupi<\/span><span style=\"color: #3399cc\">tunnit H\u00e4meenlinnassa<\/span><\/p>\n<p>EasySwim H\u00e4meenlinna j\u00e4rjest\u00e4\u00e4 lapsille suunnattuja el\u00e4myksellisi\u00e4 uimakouluja. EasySwim-uimaopetusmetodi perustuu lapsen iloon oppia ja n\u00e4in lapset nauttivat jokaisesta uimatunnista. EasySwimin <strong><em><span style=\"color: #3399cc\">uima<\/span><span style=\"color: #ff0099\">hupi<\/span><span style=\"color: #3399cc\">tunnit<\/span><\/em><\/strong> t\u00e4ht\u00e4\u00e4v\u00e4t ensisijaisesti vesiturvallisuuden parantamiseen ja luovat erinomaisen perustan elinik\u00e4iseen uintiharrastukseen. Lue lis\u00e4\u00e4 EasySwim-metodista <a href=\"https:\/\/www.easyswim.com\/fi\/vanhemmille\/pilarit-ja-metodi\/\">www.easyswim.fi<\/a><\/p>\n<h3><\/h3>\n<\/div><\/section>\n\n<style type=\"text\/css\" data-created_by=\"avia_inline_auto\" id=\"style-css-av-av_one_half-e0f7ae2e2f9b1faf78df0f90f87d978c\">\n.flex_column.av-av_one_half-e0f7ae2e2f9b1faf78df0f90f87d978c{\nborder-radius:0px 0px 0px 0px;\npadding:0px 0px 0px 0px;\nbackground:url(https:\/\/www.easyswim.com\/fi\/wp-content\/uploads\/sites\/5\/2016\/10\/kader-blauw-kopi\u00ebren-3-300x183.png) 50% 50% no-repeat scroll ;\n}\n<\/style>\n<div  class='flex_column av-av_one_half-e0f7ae2e2f9b1faf78df0f90f87d978c av_one_half  avia-builder-el-1  el_after_av_textblock  el_before_av_one_half  first no_margin flex_column_div av-zero-column-padding avia-full-stretch  column-top-margin'     ><section  class='av_textblock_section av-av_textblock-35972167d9f102c5ddaec0c531c98b9e '   itemscope=\"itemscope\" itemtype=\"https:\/\/schema.org\/CreativeWork\" ><div class='avia_textblock'  itemprop=\"text\" ><h3 style=\"text-align: center\">Ilmoittaudu kursseille<\/h3>\n<\/div><\/section><br \/>\n\n<style type=\"text\/css\" data-created_by=\"avia_inline_auto\" id=\"style-css-av-av_image-e3ea01fcedd562b6db7eac38ff932fd0\">\n.avia-image-container.av-av_image-e3ea01fcedd562b6db7eac38ff932fd0 img.avia_image{\nbox-shadow:none;\n}\n.avia-image-container.av-av_image-e3ea01fcedd562b6db7eac38ff932fd0 .av-image-caption-overlay-center{\ncolor:#ffffff;\n}\n<\/style>\n<div  class='avia-image-container av-av_image-e3ea01fcedd562b6db7eac38ff932fd0 av-styling- avia-align-center  avia-builder-el-3  el_after_av_textblock  el_before_av_button '   itemprop=\"image\" itemscope=\"itemscope\" itemtype=\"https:\/\/schema.org\/ImageObject\" ><div class=\"avia-image-container-inner\"><div class=\"avia-image-overlay-wrap\"><img fetchpriority=\"high\" class='wp-image-3416 avia-img-lazy-loading-not-3416 avia_image ' src='https:\/\/www.easyswim.com\/fi\/wp-content\/uploads\/sites\/5\/2016\/10\/groepjes.png' alt='Diplomiryhm\u00e4' title='Diplomiryhm\u00e4'  height=\"217\" width=\"219\"  itemprop=\"thumbnailUrl\"  \/><\/div><\/div><\/div><br \/>\n<div  class='avia-button-wrap av-av_button-a9b0ae9467e5a5545da528a6fa0273ad-wrap avia-button-center  avia-builder-el-4  el_after_av_image  avia-builder-el-last '><a href='https:\/\/www.easyswim.com\/fi\/ilmoittaudu\/'  class='avia-button av-av_button-a9b0ae9467e5a5545da528a6fa0273ad avia-icon_select-no avia-size-large avia-position-center avia-color-theme-color-subtle'  ><span class='avia_iconbox_title' >Ilmoittaudu<\/span><\/a><\/div><\/p><\/div>\n\n<style type=\"text\/css\" data-created_by=\"avia_inline_auto\" id=\"style-css-av-av_one_half-9e102a6a22e423f874d032b7c1d03457\">\n.flex_column.av-av_one_half-9e102a6a22e423f874d032b7c1d03457{\nborder-radius:0px 0px 0px 0px;\npadding:0px 0px 0px 0px;\nbackground:url(https:\/\/www.easyswim.com\/fi\/wp-content\/uploads\/sites\/5\/2016\/10\/kader-blauw-kopi\u00ebren-3-300x183.png) 50% 50% no-repeat scroll ;\n}\n<\/style>\n<div  class='flex_column av-av_one_half-9e102a6a22e423f874d032b7c1d03457 av_one_half  avia-builder-el-5  el_after_av_one_half  avia-builder-el-last  no_margin flex_column_div av-zero-column-padding avia-full-stretch  column-top-margin'     ><section  class='av_textblock_section av-av_textblock-35972167d9f102c5ddaec0c531c98b9e '   itemscope=\"itemscope\" itemtype=\"https:\/\/schema.org\/CreativeWork\" ><div class='avia_textblock'  itemprop=\"text\" ><h3 style=\"text-align: center\">Yhteystiedot<\/h3>\n<\/div><\/section><br \/>\n\n<style type=\"text\/css\" data-created_by=\"avia_inline_auto\" id=\"style-css-av-av_image-86a8702a73d7691194bf99e68faa5233\">\n.avia-image-container.av-av_image-86a8702a73d7691194bf99e68faa5233 img.avia_image{\nbox-shadow:none;\n}\n.avia-image-container.av-av_image-86a8702a73d7691194bf99e68faa5233 .av-image-caption-overlay-center{\ncolor:#ffffff;\n}\n<\/style>\n<div  class='avia-image-container av-av_image-86a8702a73d7691194bf99e68faa5233 av-styling- avia-align-center  avia-builder-el-7  el_after_av_textblock  el_before_av_button '   itemprop=\"image\" itemscope=\"itemscope\" itemtype=\"https:\/\/schema.org\/ImageObject\" ><div class=\"avia-image-container-inner\"><div class=\"avia-image-overlay-wrap\"><img fetchpriority=\"high\" class='wp-image-3417 avia-img-lazy-loading-not-3417 avia_image ' src='https:\/\/www.easyswim.com\/fi\/wp-content\/uploads\/sites\/5\/2016\/10\/relatie.png' alt='' title='StartUp-koulutus'  height=\"217\" width=\"219\"  itemprop=\"thumbnailUrl\"  \/><\/div><\/div><\/div><br \/>\n<div  class='avia-button-wrap av-av_button-0b568a9e85606fc51905540880768d59-wrap avia-button-center  avia-builder-el-8  el_after_av_image  avia-builder-el-last '><a href='https:\/\/www.easyswim.com\/fi\/vanhemmille\/contact\/'  class='avia-button av-av_button-0b568a9e85606fc51905540880768d59 avia-icon_select-no avia-size-large avia-position-center avia-color-theme-color-subtle'  ><span class='avia_iconbox_title' >Ota yhteytt\u00e4<\/span><\/a><\/div><\/p><\/div>\n","protected":false},"excerpt":{"rendered":"","protected":false},"author":6,"featured_media":0,"parent":0,"menu_order":0,"comment_status":"closed","ping_status":"closed","template":"","meta":{"footnotes":""},"_links":{"self":[{"href":"https:\/\/www.easyswim.com\/fi\/wp-json\/wp\/v2\/pages\/3733"}],"collection":[{"href":"https:\/\/www.easyswim.com\/fi\/wp-json\/wp\/v2\/pages"}],"about":[{"href":"https:\/\/www.easyswim.com\/fi\/wp-json\/wp\/v2\/types\/page"}],"author":[{"embeddable":true,"href":"https:\/\/www.easyswim.com\/fi\/wp-json\/wp\/v2\/users\/6"}],"replies":[{"embeddable":true,"href":"https:\/\/www.easyswim.com\/fi\/wp-json\/wp\/v2\/comments?post=3733"}],"version-history":[{"count":38,"href":"https:\/\/www.easyswim.com\/fi\/wp-json\/wp\/v2\/pages\/3733\/revisions"}],"predecessor-version":[{"id":3860,"href":"https:\/\/www.easyswim.com\/fi\/wp-json\/wp\/v2\/pages\/3733\/revisions\/3860"}],"wp:attachment":[{"href":"https:\/\/www.easyswim.com\/fi\/wp-json\/wp\/v2\/media?parent=3733"}],"curies":[{"name":"wp","href":"https:\/\/api.w.org\/{rel}","templated":true}]}}