
{"id":252,"date":"2016-10-11T14:25:45","date_gmt":"2016-10-11T14:25:45","guid":{"rendered":"http:\/\/www.easyswim.com\/nl\/?page_id=252"},"modified":"2016-11-18T14:15:21","modified_gmt":"2016-11-18T14:15:21","slug":"ezzys-islands","status":"publish","type":"page","link":"https:\/\/www.easyswim.com\/fi\/uima-altaille\/ezzys-islands\/","title":{"rendered":"Ezzy&#8217;s Islands"},"content":{"rendered":"\n<style type=\"text\/css\" data-created_by=\"avia_inline_auto\" id=\"style-css-av-av_section-417a587f73563852e972609b2c9a1e2a\">\n.avia-section.av-av_section-417a587f73563852e972609b2c9a1e2a{\nbackground-repeat:no-repeat;\nbackground-image:url(https:\/\/www.easyswim.com\/fi\/wp-content\/uploads\/sites\/5\/2016\/10\/slider4.jpg);\nbackground-position:50% 50%;\nbackground-attachment:scroll;\n}\n<\/style>\n<div id='av_section_1'  class='avia-section av-av_section-417a587f73563852e972609b2c9a1e2a main_color avia-section-default avia-no-border-styling  avia-builder-el-0  el_before_av_submenu  avia-builder-el-first  avia-full-stretch avia-bg-style-scroll av-minimum-height av-minimum-height-25 av-height-25  container_wrap fullsize'  data-section-bg-repeat='stretch' data-av_minimum_height_pc='25' data-av_min_height_opt='25'><div class='container av-section-cont-open' ><main  role=\"main\" itemprop=\"mainContentOfPage\"  class='template-page content  av-content-full alpha units'><div class='post-entry post-entry-type-page post-entry-252'><div class='entry-content-wrapper clearfix'>\n<\/div><\/div><\/main><!-- close content main element --><\/div><\/div><div class='clear'><\/div><div id='sub_menu1'  class='av-submenu-container av-av_submenu-7c9bed2eaae40b2bd9e37cf7f5201457 main_color  avia-builder-el-1  el_after_av_section  el_before_av_section  av-sticky-submenu submenu-not-first container_wrap fullsize' style='z-index:301' ><div class='container av-menu-mobile-disabled av-submenu-pos-left'><ul id=\"menu-sub-story-pools\" class=\"av-subnav-menu\" role=\"menu\"><li role=\"menuitem\" id=\"menu-item-3308\" class=\"menu-item menu-item-type-post_type menu-item-object-page menu-item-top-level menu-item-top-level-1\"><a href=\"https:\/\/www.easyswim.com\/fi\/uima-altaille\/unelma-ja-uskomukset\/\" itemprop=\"url\" tabindex=\"0\"><span class=\"avia-bullet\"><\/span><span class=\"avia-menu-text\">Unelma ja uskomukset<\/span><span class=\"avia-menu-fx\"><span class=\"avia-arrow-wrap\"><span class=\"avia-arrow\"><\/span><\/span><\/span><\/a><\/li>\n<li role=\"menuitem\" id=\"menu-item-3311\" class=\"menu-item menu-item-type-post_type menu-item-object-page menu-item-top-level menu-item-top-level-2\"><a href=\"https:\/\/www.easyswim.com\/fi\/uima-altaille\/pilarit-ja-metodi\/\" itemprop=\"url\" tabindex=\"0\"><span class=\"avia-bullet\"><\/span><span class=\"avia-menu-text\">Metodin kulmakivet<\/span><span class=\"avia-menu-fx\"><span class=\"avia-arrow-wrap\"><span class=\"avia-arrow\"><\/span><\/span><\/span><\/a><\/li>\n<li role=\"menuitem\" id=\"menu-item-3309\" class=\"menu-item menu-item-type-post_type menu-item-object-page menu-item-top-level menu-item-top-level-3\"><a href=\"https:\/\/www.easyswim.com\/fi\/uima-altaille\/easyswim-diplomi\/\" itemprop=\"url\" tabindex=\"0\"><span class=\"avia-bullet\"><\/span><span class=\"avia-menu-text\">EasySwim-diplomi<\/span><span class=\"avia-menu-fx\"><span class=\"avia-arrow-wrap\"><span class=\"avia-arrow\"><\/span><\/span><\/span><\/a><\/li>\n<li role=\"menuitem\" id=\"menu-item-3310\" class=\"menu-item menu-item-type-post_type menu-item-object-page menu-item-top-level menu-item-top-level-4\"><a href=\"https:\/\/www.easyswim.com\/fi\/uima-altaille\/ezzys-islands\/\" itemprop=\"url\" tabindex=\"0\"><span class=\"avia-bullet\"><\/span><span class=\"avia-menu-text\">Ezzy&#8217;s Islands<\/span><span class=\"avia-menu-fx\"><span class=\"avia-arrow-wrap\"><span class=\"avia-arrow\"><\/span><\/span><\/span><\/a><\/li>\n<\/ul><\/div><\/div><div class='sticky_placeholder'><\/div>\n<div id='av_section_2'  class='avia-section av-av_section-354055d816885e06b4f88c924ff6481e main_color avia-section-default avia-no-border-styling  avia-builder-el-2  el_after_av_submenu  el_before_av_section  avia-bg-style-scroll container_wrap fullsize'  ><div class=\"av-section-color-overlay-wrap\"><a href='#next-section' title='' class='scroll-down-link ' aria-hidden='true' data-av_icon='\ue877' data-av_iconfont='entypo-fontello'><\/a><div class='container av-section-cont-open' ><div class='template-page content  av-content-full alpha units'><div class='post-entry post-entry-type-page post-entry-252'><div class='entry-content-wrapper clearfix'>\n<section  class='av_textblock_section av-av_textblock-35972167d9f102c5ddaec0c531c98b9e '   itemscope=\"itemscope\" itemtype=\"https:\/\/schema.org\/CreativeWork\" ><div class='avia_textblock'  itemprop=\"text\" ><h1 style=\"text-align: center\">EasySwim merkitsee enemm\u00e4n hauskuutta ja sitoutumista<\/h1>\n<\/div><\/section>\n\n<style type=\"text\/css\" data-created_by=\"avia_inline_auto\" id=\"style-css-av-av_textblock-bf3521291f4a8b99f9d8c01555f1c27f\">\n#top .av_textblock_section.av-av_textblock-bf3521291f4a8b99f9d8c01555f1c27f .avia_textblock{\ncolor:#666666;\n}\n<\/style>\n<section  class='av_textblock_section av-av_textblock-bf3521291f4a8b99f9d8c01555f1c27f '   itemscope=\"itemscope\" itemtype=\"https:\/\/schema.org\/CreativeWork\" ><div class='avia_textblock av_inherit_color'  itemprop=\"text\" ><p>EasySwim haluaa lasten kokevan enemm\u00e4n iloa uimisesta ja sitoutuvan t\u00e4ysill\u00e4 uimaopetukseen. Haluamme tarjota heille lis\u00e4haasteita oppimisprosessissa ja lis\u00e4t\u00e4 tietoisuutta. Uimahallit ja -koulut pyrkiv\u00e4t nyky\u00e4\u00e4n usein motivoimaan lapsia palkitsemalla heit\u00e4 esimerkiksi tarroilla ja hymi\u00f6ill\u00e4. T\u00e4m\u00e4 johtaa siihen, ett\u00e4 lapset keskittyv\u00e4t ensisijaisesti palkintojen saamiseen, mill\u00e4 on usein negatiivinen vaikutus lasten sitoutumiseen ja motivaatioon. T\u00e4m\u00e4 ei tietenk\u00e4\u00e4n ole sit\u00e4, mihin pyrimme.<\/p>\n<\/div><\/section>\n\n<\/div><\/div><\/div><!-- close content main div --><\/div><\/div><\/div>\n<style type=\"text\/css\" data-created_by=\"avia_inline_auto\" id=\"style-css-av-av_section-5e79306dad994999b8da31b10633626d\">\n.avia-section.av-av_section-5e79306dad994999b8da31b10633626d .av-section-color-overlay{\nopacity:1;\nbackground-color:#f0f0f0;\n}\n<\/style>\n<div id='av_section_3'  class='avia-section av-av_section-5e79306dad994999b8da31b10633626d main_color avia-section-default avia-no-border-styling  avia-builder-el-5  el_after_av_section  el_before_av_section  avia-bg-style-scroll av-section-color-overlay-active container_wrap fullsize'  ><div class=\"av-section-color-overlay-wrap\"><div class=\"av-section-color-overlay\"><\/div><a href='#next-section' title='' class='scroll-down-link ' aria-hidden='true' data-av_icon='\ue877' data-av_iconfont='entypo-fontello'><\/a><div class='container av-section-cont-open' ><div class='template-page content  av-content-full alpha units'><div class='post-entry post-entry-type-page post-entry-252'><div class='entry-content-wrapper clearfix'>\n<section  class='av_textblock_section av-av_textblock-35972167d9f102c5ddaec0c531c98b9e '   itemscope=\"itemscope\" itemtype=\"https:\/\/schema.org\/CreativeWork\" ><div class='avia_textblock'  itemprop=\"text\" ><h1 style=\"text-align: center\">Rikas oppimisymp\u00e4rist\u00f6 kannustaa hauskanpitoon ja sitoutumiseen<\/h1>\n<\/div><\/section>\n\n<style type=\"text\/css\" data-created_by=\"avia_inline_auto\" id=\"style-css-av-av_textblock-bf3521291f4a8b99f9d8c01555f1c27f\">\n#top .av_textblock_section.av-av_textblock-bf3521291f4a8b99f9d8c01555f1c27f .avia_textblock{\ncolor:#666666;\n}\n<\/style>\n<section  class='av_textblock_section av-av_textblock-bf3521291f4a8b99f9d8c01555f1c27f '   itemscope=\"itemscope\" itemtype=\"https:\/\/schema.org\/CreativeWork\" ><div class='avia_textblock av_inherit_color'  itemprop=\"text\" ><p>Hauskuutta ja sitoutumista, siit\u00e4 EasySwim-tunneilla on kyse. Rikas oppimisymp\u00e4rist\u00f6 edesauttaa t\u00e4ss\u00e4 suuresti. Mit\u00e4 oikeastaan tarkoitamme rikkaalla oppimisymp\u00e4rist\u00f6ll\u00e4? Tarkoitamme uimaopetustunteja, jotka tarjoavat haastavaa sis\u00e4lt\u00f6\u00e4 ja harjoituksia, joissa k\u00e4ytet\u00e4\u00e4n kaikenlaisia materiaaleja. Kun teemme\u00a0tunneista lapsille mielekk\u00e4it\u00e4 ja heid\u00e4n omaan el\u00e4m\u00e4\u00e4n liittyvi\u00e4 k\u00e4ytt\u00e4m\u00e4ll\u00e4 tarkoituksenmukaisia materiaaleja ja haastavia aihepiirej\u00e4, pystymme\u00a0luomaan heille merkityksellisen ja rikkaan oppimisymp\u00e4rist\u00f6n.<\/p>\n<\/div><\/section>\n\n<\/div><\/div><\/div><!-- close content main div --><\/div><\/div><\/div><div id='av_section_4'  class='avia-section av-av_section-354055d816885e06b4f88c924ff6481e main_color avia-section-default avia-no-border-styling  avia-builder-el-8  el_after_av_section  el_before_av_section  avia-bg-style-scroll container_wrap fullsize'  ><div class=\"av-section-color-overlay-wrap\"><a href='#next-section' title='' class='scroll-down-link ' aria-hidden='true' data-av_icon='\ue877' data-av_iconfont='entypo-fontello'><\/a><div class='container av-section-cont-open' ><div class='template-page content  av-content-full alpha units'><div class='post-entry post-entry-type-page post-entry-252'><div class='entry-content-wrapper clearfix'>\n<section  class='av_textblock_section av-av_textblock-aa17e977ca63e5059f483ac08591ffb4 '   itemscope=\"itemscope\" itemtype=\"https:\/\/schema.org\/CreativeWork\" ><div class='avia_textblock'  itemprop=\"text\" ><h1 style=\"text-align: center\">Uusi konsepti: Ezzy&#8217;s Islands (TULOSSA PIAN)<\/h1>\n<\/div><\/section>\n\n<style type=\"text\/css\" data-created_by=\"avia_inline_auto\" id=\"style-css-av-av_textblock-bf3521291f4a8b99f9d8c01555f1c27f\">\n#top .av_textblock_section.av-av_textblock-bf3521291f4a8b99f9d8c01555f1c27f .avia_textblock{\ncolor:#666666;\n}\n<\/style>\n<section  class='av_textblock_section av-av_textblock-bf3521291f4a8b99f9d8c01555f1c27f '   itemscope=\"itemscope\" itemtype=\"https:\/\/schema.org\/CreativeWork\" ><div class='avia_textblock av_inherit_color'  itemprop=\"text\" ><p>Sen lis\u00e4ksi, ett\u00e4 tarjoamme tunneilla rikkaan oppimisymp\u00e4rist\u00f6n, haluamme tarjota enemm\u00e4n kuin pelk\u00e4st\u00e4\u00e4n yhden oppimiskokemuksen viikkoon. T\u00e4m\u00e4n takia kehitimme innovatiivisen oppimiskonseptin: <u>Ezzy&#8217;s Islandsin<\/u>. Samaistuttavat hahmot Jax, Flo ja Ezzy ovat keskeisess\u00e4 roolissa t\u00e4ss\u00e4 digitaalisessa pelimaailmassa. Lapset voivat opettaa uintia joko Jaxille tai Flolle pelien, videoklippien ja selitysten avulla. T\u00e4ll\u00e4 tavoin he p\u00e4\u00e4sev\u00e4t itse kokeilemaan ohjaajana toimimista ja Ezzy-merihevonen antaa lapsille jatkuvaa tukea ja neuvoja.<\/p>\n<\/div><\/section>\n<\/div><\/div><\/div><!-- close content main div --><\/div><\/div><\/div>\n<style type=\"text\/css\" data-created_by=\"avia_inline_auto\" id=\"style-css-av-av_section-5e79306dad994999b8da31b10633626d\">\n.avia-section.av-av_section-5e79306dad994999b8da31b10633626d .av-section-color-overlay{\nopacity:1;\nbackground-color:#f0f0f0;\n}\n<\/style>\n<div id='av_section_5'  class='avia-section av-av_section-5e79306dad994999b8da31b10633626d main_color avia-section-default avia-no-border-styling  avia-builder-el-11  el_after_av_section  el_before_av_section  avia-bg-style-scroll av-section-color-overlay-active container_wrap fullsize'  ><div class=\"av-section-color-overlay-wrap\"><div class=\"av-section-color-overlay\"><\/div><a href='#next-section' title='' class='scroll-down-link ' aria-hidden='true' data-av_icon='\ue877' data-av_iconfont='entypo-fontello'><\/a><div class='container av-section-cont-open' ><div class='template-page content  av-content-full alpha units'><div class='post-entry post-entry-type-page post-entry-252'><div class='entry-content-wrapper clearfix'>\n\n<style type=\"text\/css\" data-created_by=\"avia_inline_auto\" id=\"style-css-av-av_one_third-6126cab7d8fab8d08143dd2dacdf673c\">\n.flex_column.av-av_one_third-6126cab7d8fab8d08143dd2dacdf673c{\nborder-radius:0px 0px 0px 0px;\npadding:0px 0px 0px 0px;\n}\n<\/style>\n<div  class='flex_column av-av_one_third-6126cab7d8fab8d08143dd2dacdf673c av_one_third  avia-builder-el-12  el_before_av_one_third  avia-builder-el-first  first flex_column_div av-zero-column-padding  '     ><p>\n<style type=\"text\/css\" data-created_by=\"avia_inline_auto\" id=\"style-css-av-av_image-9cbbdecd08b98f6c58919342eafccb42\">\n.avia-image-container.av-av_image-9cbbdecd08b98f6c58919342eafccb42 img.avia_image{\nbox-shadow:none;\n}\n.avia-image-container.av-av_image-9cbbdecd08b98f6c58919342eafccb42 .av-image-caption-overlay-center{\ncolor:#ffffff;\n}\n<\/style>\n<div  class='avia-image-container av-av_image-9cbbdecd08b98f6c58919342eafccb42 av-styling- avia_animated_image av-animated-when-visible-95 left-to-right avia-align-center  avia-builder-el-13  el_before_av_textblock  avia-builder-el-first '   itemprop=\"image\" itemscope=\"itemscope\" itemtype=\"https:\/\/schema.org\/ImageObject\" ><div class=\"avia-image-container-inner\"><div class=\"avia-image-overlay-wrap\"><img fetchpriority=\"high\" class='wp-image-2744 avia-img-lazy-loading-not-2744 avia_image ' src='https:\/\/www.easyswim.com\/fi\/wp-content\/uploads\/sites\/5\/2016\/10\/Ezzy1-188x300.png' alt='' title='ezzy1'  height=\"300\" width=\"188\"  itemprop=\"thumbnailUrl\"  \/><\/div><\/div><\/div><br \/>\n<section  class='av_textblock_section av-av_textblock-aa17e977ca63e5059f483ac08591ffb4 '   itemscope=\"itemscope\" itemtype=\"https:\/\/schema.org\/CreativeWork\" ><div class='avia_textblock'  itemprop=\"text\" ><h3 style=\"text-align: center\">Ezzy<\/h3>\n<\/div><\/section><\/p><\/div>\n<style type=\"text\/css\" data-created_by=\"avia_inline_auto\" id=\"style-css-av-av_one_third-0aa7055fe62c3622faec82866afbaeb2\">\n.flex_column.av-av_one_third-0aa7055fe62c3622faec82866afbaeb2{\nborder-radius:0px 0px 0px 0px;\npadding:0px 0px 0px 0px;\n}\n<\/style>\n<div  class='flex_column av-av_one_third-0aa7055fe62c3622faec82866afbaeb2 av_one_third  avia-builder-el-15  el_after_av_one_third  el_before_av_one_third  flex_column_div av-zero-column-padding  '     ><p>\n<style type=\"text\/css\" data-created_by=\"avia_inline_auto\" id=\"style-css-av-av_image-9bf2eba99464c2c4da8cbfcd4f49ccd3\">\n.avia-image-container.av-av_image-9bf2eba99464c2c4da8cbfcd4f49ccd3 img.avia_image{\nbox-shadow:none;\n}\n.avia-image-container.av-av_image-9bf2eba99464c2c4da8cbfcd4f49ccd3 .av-image-caption-overlay-center{\ncolor:#ffffff;\n}\n<\/style>\n<div  class='avia-image-container av-av_image-9bf2eba99464c2c4da8cbfcd4f49ccd3 av-styling- avia_animated_image av-animated-when-visible-95 bottom-to-top avia-align-center  avia-builder-el-16  el_before_av_textblock  avia-builder-el-first '   itemprop=\"image\" itemscope=\"itemscope\" itemtype=\"https:\/\/schema.org\/ImageObject\" ><div class=\"avia-image-container-inner\"><div class=\"avia-image-overlay-wrap\"><img fetchpriority=\"high\" class='wp-image-2747 avia-img-lazy-loading-not-2747 avia_image ' src='https:\/\/www.easyswim.com\/fi\/wp-content\/uploads\/sites\/5\/2016\/10\/Jax-water-138x300.png' alt='' title='jax-water'  height=\"300\" width=\"138\"  itemprop=\"thumbnailUrl\"  \/><\/div><\/div><\/div><br \/>\n<section  class='av_textblock_section av-av_textblock-aa17e977ca63e5059f483ac08591ffb4 '   itemscope=\"itemscope\" itemtype=\"https:\/\/schema.org\/CreativeWork\" ><div class='avia_textblock'  itemprop=\"text\" ><h3 style=\"text-align: center\">Jax<\/h3>\n<\/div><\/section><\/p><\/div>\n<style type=\"text\/css\" data-created_by=\"avia_inline_auto\" id=\"style-css-av-av_one_third-0aa7055fe62c3622faec82866afbaeb2\">\n.flex_column.av-av_one_third-0aa7055fe62c3622faec82866afbaeb2{\nborder-radius:0px 0px 0px 0px;\npadding:0px 0px 0px 0px;\n}\n<\/style>\n<div  class='flex_column av-av_one_third-0aa7055fe62c3622faec82866afbaeb2 av_one_third  avia-builder-el-18  el_after_av_one_third  avia-builder-el-last  flex_column_div av-zero-column-padding  '     ><p>\n<style type=\"text\/css\" data-created_by=\"avia_inline_auto\" id=\"style-css-av-av_image-c1452cbe473bd5ddfca19fdc5287bbbb\">\n.avia-image-container.av-av_image-c1452cbe473bd5ddfca19fdc5287bbbb img.avia_image{\nbox-shadow:none;\n}\n.avia-image-container.av-av_image-c1452cbe473bd5ddfca19fdc5287bbbb .av-image-caption-overlay-center{\ncolor:#ffffff;\n}\n<\/style>\n<div  class='avia-image-container av-av_image-c1452cbe473bd5ddfca19fdc5287bbbb av-styling- avia_animated_image av-animated-when-visible-95 right-to-left avia-align-center  avia-builder-el-19  el_before_av_textblock  avia-builder-el-first '   itemprop=\"image\" itemscope=\"itemscope\" itemtype=\"https:\/\/schema.org\/ImageObject\" ><div class=\"avia-image-container-inner\"><div class=\"avia-image-overlay-wrap\"><img fetchpriority=\"high\" class='wp-image-2748 avia-img-lazy-loading-not-2748 avia_image ' src='https:\/\/www.easyswim.com\/fi\/wp-content\/uploads\/sites\/5\/2016\/10\/Flo-water-152x300.png' alt='' title='flo-water'  height=\"300\" width=\"152\"  itemprop=\"thumbnailUrl\"  \/><\/div><\/div><\/div><br \/>\n<section  class='av_textblock_section av-av_textblock-aa17e977ca63e5059f483ac08591ffb4 '   itemscope=\"itemscope\" itemtype=\"https:\/\/schema.org\/CreativeWork\" ><div class='avia_textblock'  itemprop=\"text\" ><h3 style=\"text-align: center\">Flo<\/h3>\n<\/div><\/section><\/p><\/div>\n<\/p>\n<\/div><\/div><\/div><!-- close content main div --><\/div><\/div><\/div><div id='av_section_6'  class='avia-section av-av_section-354055d816885e06b4f88c924ff6481e main_color avia-section-default avia-no-border-styling  avia-builder-el-21  el_after_av_section  el_before_av_section  avia-bg-style-scroll container_wrap fullsize'  ><div class=\"av-section-color-overlay-wrap\"><a href='#next-section' title='' class='scroll-down-link ' aria-hidden='true' data-av_icon='\ue877' data-av_iconfont='entypo-fontello'><\/a><div class='container av-section-cont-open' ><div class='template-page content  av-content-full alpha units'><div class='post-entry post-entry-type-page post-entry-252'><div class='entry-content-wrapper clearfix'>\n<section  class='av_textblock_section av-av_textblock-35972167d9f102c5ddaec0c531c98b9e '   itemscope=\"itemscope\" itemtype=\"https:\/\/schema.org\/CreativeWork\" ><div class='avia_textblock'  itemprop=\"text\" ><h1 style=\"text-align: center\">Tietoisuuden lis\u00e4\u00e4minen pelin avulla (TULOSSA PIAN)<\/h1>\n<\/div><\/section>\n\n<style type=\"text\/css\" data-created_by=\"avia_inline_auto\" id=\"style-css-av-av_textblock-bf3521291f4a8b99f9d8c01555f1c27f\">\n#top .av_textblock_section.av-av_textblock-bf3521291f4a8b99f9d8c01555f1c27f .avia_textblock{\ncolor:#666666;\n}\n<\/style>\n<section  class='av_textblock_section av-av_textblock-bf3521291f4a8b99f9d8c01555f1c27f '   itemscope=\"itemscope\" itemtype=\"https:\/\/schema.org\/CreativeWork\" ><div class='avia_textblock av_inherit_color'  itemprop=\"text\" ><p>T\u00e4ss\u00e4 digitaalisessa maailmassa lapset voivat pelata kaikenlaisia pelej\u00e4. EasySwim-uimakurssin eri osa-alueet esitell\u00e4\u00e4n heille hauskalla ja interaktiivisella tavalla kahdentoista minipelin avulla. N\u00e4ist\u00e4 kahdestatoista pelist\u00e4 yhdeks\u00e4n sis\u00e4lt\u00e4\u00e4 <u>EasySwim-diplomiin<\/u> kuuluvia <a href=\"http:\/\/www.easyswim.com\/fi\/uima-altaat\/9-kaytannon-tilannetta\/\"><u>k\u00e4yt\u00e4nn\u00f6n tilanteita<\/u><\/a>. N\u00e4m\u00e4 &#8217;realistiset&#8217; harjoitukset kehitt\u00e4v\u00e4t lasten tietoisuudentajua sek\u00e4 selvent\u00e4v\u00e4t heille, miksi he opettelevat uintidiplomin eri osa-alueet. N\u00e4in uimaopetustuntien sis\u00e4ll\u00f6ist\u00e4 tulee heille mielekk\u00e4\u00e4mpi\u00e4. Jokaisen harjoituksen j\u00e4lkeen lapset tunnistavat, mit\u00e4 he itse pitiv\u00e4t j\u00e4nnitt\u00e4v\u00e4n\u00e4, vaikeana, helppona tai hauskana. T\u00e4m\u00e4 on eritt\u00e4in arvokasta tietoa vanhemmille ja ohjaajille.<\/p>\n<\/div><\/section>\n<\/div><\/div><\/div><!-- close content main div --><\/div><\/div><\/div>\n<style type=\"text\/css\" data-created_by=\"avia_inline_auto\" id=\"style-css-av-av_section-5e79306dad994999b8da31b10633626d\">\n.avia-section.av-av_section-5e79306dad994999b8da31b10633626d .av-section-color-overlay{\nopacity:1;\nbackground-color:#f0f0f0;\n}\n<\/style>\n<div id='av_section_7'  class='avia-section av-av_section-5e79306dad994999b8da31b10633626d main_color avia-section-default avia-no-border-styling  avia-builder-el-24  el_after_av_section  avia-builder-el-last  avia-bg-style-scroll av-section-color-overlay-active container_wrap fullsize'  ><div class=\"av-section-color-overlay-wrap\"><div class=\"av-section-color-overlay\"><\/div><a href='#next-section' title='' class='scroll-down-link ' aria-hidden='true' data-av_icon='\ue877' data-av_iconfont='entypo-fontello'><\/a><div class='container av-section-cont-open' ><div class='template-page content  av-content-full alpha units'><div class='post-entry post-entry-type-page post-entry-252'><div class='entry-content-wrapper clearfix'>\n<section  class='av_textblock_section av-av_textblock-35972167d9f102c5ddaec0c531c98b9e '   itemscope=\"itemscope\" itemtype=\"https:\/\/schema.org\/CreativeWork\" ><div class='avia_textblock'  itemprop=\"text\" ><h1 style=\"text-align: center\">Digitaalinen ja fyysinen mailma yhdistyy (TULOSSA PIAN)<\/h1>\n<\/div><\/section>\n\n<style type=\"text\/css\" data-created_by=\"avia_inline_auto\" id=\"style-css-av-av_textblock-bf3521291f4a8b99f9d8c01555f1c27f\">\n#top .av_textblock_section.av-av_textblock-bf3521291f4a8b99f9d8c01555f1c27f .avia_textblock{\ncolor:#666666;\n}\n<\/style>\n<section  class='av_textblock_section av-av_textblock-bf3521291f4a8b99f9d8c01555f1c27f '   itemscope=\"itemscope\" itemtype=\"https:\/\/schema.org\/CreativeWork\" ><div class='avia_textblock av_inherit_color'  itemprop=\"text\" ><p>Ezzy&#8217;s Islandsin avulla yhdist\u00e4mme kaksi maailmaa, joista digitaalinen ymp\u00e4rist\u00f6 tukee tukee vahvasti uimaopetustunteja. Esimerkiksi lasten pelatessa Ezzy&#8217;s Islandia kotisohvalla, he sukeltavat Jaxin tai Flon hahmolla aarteita meren pohjasta. Saman harjoituksen lapset toistavat\u00a0itse uimatunnilla turvallisessa ymp\u00e4rist\u00f6ss\u00e4. Mit\u00e4 t\u00e4st\u00e4 seuraa? Lapset ovat motivoituneempia, sitoutuneempia ja saavat enemm\u00e4n irti oppimisprosessista. Yhdist\u00e4m\u00e4ll\u00e4 n\u00e4m\u00e4 kaksi maailmaa luomme entist\u00e4 rikkaamman oppimisymp\u00e4rist\u00f6n.<\/p>\n<\/div><\/section>\n<\/p>\n","protected":false},"excerpt":{"rendered":"","protected":false},"author":1,"featured_media":0,"parent":747,"menu_order":0,"comment_status":"closed","ping_status":"closed","template":"","meta":{"footnotes":""},"_links":{"self":[{"href":"https:\/\/www.easyswim.com\/fi\/wp-json\/wp\/v2\/pages\/252"}],"collection":[{"href":"https:\/\/www.easyswim.com\/fi\/wp-json\/wp\/v2\/pages"}],"about":[{"href":"https:\/\/www.easyswim.com\/fi\/wp-json\/wp\/v2\/types\/page"}],"author":[{"embeddable":true,"href":"https:\/\/www.easyswim.com\/fi\/wp-json\/wp\/v2\/users\/1"}],"replies":[{"embeddable":true,"href":"https:\/\/www.easyswim.com\/fi\/wp-json\/wp\/v2\/comments?post=252"}],"version-history":[{"count":16,"href":"https:\/\/www.easyswim.com\/fi\/wp-json\/wp\/v2\/pages\/252\/revisions"}],"predecessor-version":[{"id":3565,"href":"https:\/\/www.easyswim.com\/fi\/wp-json\/wp\/v2\/pages\/252\/revisions\/3565"}],"up":[{"embeddable":true,"href":"https:\/\/www.easyswim.com\/fi\/wp-json\/wp\/v2\/pages\/747"}],"wp:attachment":[{"href":"https:\/\/www.easyswim.com\/fi\/wp-json\/wp\/v2\/media?parent=252"}],"curies":[{"name":"wp","href":"https:\/\/api.w.org\/{rel}","templated":true}]}}