
{"id":247,"date":"2016-10-11T14:25:08","date_gmt":"2016-10-11T14:25:08","guid":{"rendered":"http:\/\/www.easyswim.com\/nl\/?page_id=247"},"modified":"2016-11-21T06:04:36","modified_gmt":"2016-11-21T06:04:36","slug":"pilarit-ja-metodi","status":"publish","type":"page","link":"https:\/\/www.easyswim.com\/fi\/uima-altaille\/pilarit-ja-metodi\/","title":{"rendered":"Metodin kulmakivet"},"content":{"rendered":"\n<style type=\"text\/css\" data-created_by=\"avia_inline_auto\" id=\"style-css-av-av_section-3c128b0d873fc94512a32f424d7d2f00\">\n.avia-section.av-av_section-3c128b0d873fc94512a32f424d7d2f00{\nbackground-repeat:no-repeat;\nbackground-image:url(https:\/\/www.easyswim.com\/fi\/wp-content\/uploads\/sites\/5\/2016\/10\/slider3.jpg);\nbackground-position:50% 50%;\nbackground-attachment:scroll;\n}\n<\/style>\n<div id='av_section_1'  class='avia-section av-av_section-3c128b0d873fc94512a32f424d7d2f00 main_color avia-section-small avia-no-border-styling  avia-builder-el-0  el_before_av_submenu  avia-builder-el-first  avia-full-stretch avia-bg-style-scroll av-minimum-height av-minimum-height-25 av-height-25  container_wrap fullsize'  data-section-bg-repeat='stretch' data-av_minimum_height_pc='25' data-av_min_height_opt='25'><div class='container av-section-cont-open' ><main  role=\"main\" itemprop=\"mainContentOfPage\"  class='template-page content  av-content-full alpha units'><div class='post-entry post-entry-type-page post-entry-247'><div class='entry-content-wrapper clearfix'>\n<\/div><\/div><\/main><!-- close content main element --><\/div><\/div><div class='clear'><\/div><div id='sub_menu1'  class='av-submenu-container av-av_submenu-7c9bed2eaae40b2bd9e37cf7f5201457 main_color  avia-builder-el-1  el_after_av_section  el_before_av_section  av-sticky-submenu submenu-not-first container_wrap fullsize' style='z-index:301' ><div class='container av-menu-mobile-disabled av-submenu-pos-left'><ul id=\"menu-sub-story-pools\" class=\"av-subnav-menu\" role=\"menu\"><li role=\"menuitem\" id=\"menu-item-3308\" class=\"menu-item menu-item-type-post_type menu-item-object-page menu-item-top-level menu-item-top-level-1\"><a href=\"https:\/\/www.easyswim.com\/fi\/uima-altaille\/unelma-ja-uskomukset\/\" itemprop=\"url\" tabindex=\"0\"><span class=\"avia-bullet\"><\/span><span class=\"avia-menu-text\">Unelma ja uskomukset<\/span><span class=\"avia-menu-fx\"><span class=\"avia-arrow-wrap\"><span class=\"avia-arrow\"><\/span><\/span><\/span><\/a><\/li>\n<li role=\"menuitem\" id=\"menu-item-3311\" class=\"menu-item menu-item-type-post_type menu-item-object-page menu-item-top-level menu-item-top-level-2\"><a href=\"https:\/\/www.easyswim.com\/fi\/uima-altaille\/pilarit-ja-metodi\/\" itemprop=\"url\" tabindex=\"0\"><span class=\"avia-bullet\"><\/span><span class=\"avia-menu-text\">Metodin kulmakivet<\/span><span class=\"avia-menu-fx\"><span class=\"avia-arrow-wrap\"><span class=\"avia-arrow\"><\/span><\/span><\/span><\/a><\/li>\n<li role=\"menuitem\" id=\"menu-item-3309\" class=\"menu-item menu-item-type-post_type menu-item-object-page menu-item-top-level menu-item-top-level-3\"><a href=\"https:\/\/www.easyswim.com\/fi\/uima-altaille\/easyswim-diplomi\/\" itemprop=\"url\" tabindex=\"0\"><span class=\"avia-bullet\"><\/span><span class=\"avia-menu-text\">EasySwim-diplomi<\/span><span class=\"avia-menu-fx\"><span class=\"avia-arrow-wrap\"><span class=\"avia-arrow\"><\/span><\/span><\/span><\/a><\/li>\n<li role=\"menuitem\" id=\"menu-item-3310\" class=\"menu-item menu-item-type-post_type menu-item-object-page menu-item-top-level menu-item-top-level-4\"><a href=\"https:\/\/www.easyswim.com\/fi\/uima-altaille\/ezzys-islands\/\" itemprop=\"url\" tabindex=\"0\"><span class=\"avia-bullet\"><\/span><span class=\"avia-menu-text\">Ezzy&#8217;s Islands<\/span><span class=\"avia-menu-fx\"><span class=\"avia-arrow-wrap\"><span class=\"avia-arrow\"><\/span><\/span><\/span><\/a><\/li>\n<\/ul><\/div><\/div><div class='sticky_placeholder'><\/div>\n<div id='av_section_2'  class='avia-section av-av_section-ac34d507dec0fdefb7f80345646069d9 main_color avia-section-small avia-no-border-styling  avia-builder-el-2  el_after_av_submenu  el_before_av_section  avia-bg-style-scroll container_wrap fullsize'  ><div class=\"av-section-color-overlay-wrap\"><a href='#next-section' title='' class='scroll-down-link ' aria-hidden='true' data-av_icon='\ue877' data-av_iconfont='entypo-fontello'><\/a><div class='container av-section-cont-open' ><div class='template-page content  av-content-full alpha units'><div class='post-entry post-entry-type-page post-entry-247'><div class='entry-content-wrapper clearfix'>\n<section  class='av_textblock_section av-av_textblock-35972167d9f102c5ddaec0c531c98b9e '   itemscope=\"itemscope\" itemtype=\"https:\/\/schema.org\/CreativeWork\" ><div class='avia_textblock'  itemprop=\"text\" ><h1 style=\"text-align: center\">EasySwim-metodin 4\u00a0kulmakive\u00e4<\/h1>\n<\/div><\/section>\n\n<style type=\"text\/css\" data-created_by=\"avia_inline_auto\" id=\"style-css-av-av_textblock-bf3521291f4a8b99f9d8c01555f1c27f\">\n#top .av_textblock_section.av-av_textblock-bf3521291f4a8b99f9d8c01555f1c27f .avia_textblock{\ncolor:#666666;\n}\n<\/style>\n<section  class='av_textblock_section av-av_textblock-bf3521291f4a8b99f9d8c01555f1c27f '   itemscope=\"itemscope\" itemtype=\"https:\/\/schema.org\/CreativeWork\" ><div class='avia_textblock av_inherit_color'  itemprop=\"text\" ><h3>Suoraan syv\u00e4\u00e4n p\u00e4\u00e4h\u00e4n kelluvassa EasySwim-puvussa<\/h3>\n<p><img loading=\"lazy\" decoding=\"async\" class=\"size-square wp-image-3415 alignleft\" src=\"http:\/\/www.easyswim.com\/fi\/wp-content\/uploads\/sites\/5\/2016\/10\/diepwater-180x180.png\" alt=\"diepwater\" width=\"180\" height=\"180\" srcset=\"https:\/\/www.easyswim.com\/fi\/wp-content\/uploads\/sites\/5\/2016\/10\/diepwater-180x180.png 180w, https:\/\/www.easyswim.com\/fi\/wp-content\/uploads\/sites\/5\/2016\/10\/diepwater-80x80.png 80w, https:\/\/www.easyswim.com\/fi\/wp-content\/uploads\/sites\/5\/2016\/10\/diepwater-36x36.png 36w, https:\/\/www.easyswim.com\/fi\/wp-content\/uploads\/sites\/5\/2016\/10\/diepwater-120x120.png 120w\" sizes=\"(max-width: 180px) 100vw, 180px\" \/><br \/>\nValitsemme tietoisesti alusta asti uima-altaan syv\u00e4n p\u00e4\u00e4dyn. N\u00e4in olemme paremmin sopusoinnussa pienten lasten motoristen taitojen kehittymisen ja heid\u00e4n liikunnalisten taipumuksien kanssa. Syv\u00e4 vesi totuttaa lapset toimimaan vedess\u00e4 luonnollisesti ja k\u00e4yt\u00e4mme EasySwim-kelluntapukua tehd\u00e4ksemme tilanteesta turvallisen. Lapset tuntevat olonsa turvallisemmaksi puvuissa ja s\u00e4ilytt\u00e4v\u00e4t silti t\u00e4yden liikkumisen vapauden, mik\u00e4 tekee kaikista heid\u00e4n kokemuksistaan mahdollisimman luonnollisia.<\/p>\n<\/div><\/section>\n\n<\/div><\/div><\/div><!-- close content main div --><\/div><\/div><\/div>\n<style type=\"text\/css\" data-created_by=\"avia_inline_auto\" id=\"style-css-av-av_section-4814d21bec3888844d69795024c5debc\">\n.avia-section.av-av_section-4814d21bec3888844d69795024c5debc .av-section-color-overlay{\nopacity:1;\nbackground-color:#f0f0f0;\n}\n<\/style>\n<div id='av_section_3'  class='avia-section av-av_section-4814d21bec3888844d69795024c5debc main_color avia-section-small avia-no-border-styling  avia-builder-el-5  el_after_av_section  el_before_av_section  avia-bg-style-scroll av-section-color-overlay-active container_wrap fullsize'  ><div class=\"av-section-color-overlay-wrap\"><div class=\"av-section-color-overlay\"><\/div><a href='#next-section' title='' class='scroll-down-link ' aria-hidden='true' data-av_icon='\ue877' data-av_iconfont='entypo-fontello'><\/a><div class='container av-section-cont-open' ><div class='template-page content  av-content-full alpha units'><div class='post-entry post-entry-type-page post-entry-247'><div class='entry-content-wrapper clearfix'>\n\n<style type=\"text\/css\" data-created_by=\"avia_inline_auto\" id=\"style-css-av-av_textblock-bf3521291f4a8b99f9d8c01555f1c27f\">\n#top .av_textblock_section.av-av_textblock-bf3521291f4a8b99f9d8c01555f1c27f .avia_textblock{\ncolor:#666666;\n}\n<\/style>\n<section  class='av_textblock_section av-av_textblock-bf3521291f4a8b99f9d8c01555f1c27f '   itemscope=\"itemscope\" itemtype=\"https:\/\/schema.org\/CreativeWork\" ><div class='avia_textblock av_inherit_color'  itemprop=\"text\" ><h3 style=\"text-align: left\">Pienryhmiss\u00e4 henkil\u00f6kohtainen huomio jokaiselle lapselle<\/h3>\n<p><img loading=\"lazy\" decoding=\"async\" class=\"wp-image-3416 size-square alignleft\" src=\"http:\/\/www.easyswim.com\/fi\/wp-content\/uploads\/sites\/5\/2016\/10\/groepjes-180x180.png\" width=\"180\" height=\"180\" srcset=\"https:\/\/www.easyswim.com\/fi\/wp-content\/uploads\/sites\/5\/2016\/10\/groepjes-180x180.png 180w, https:\/\/www.easyswim.com\/fi\/wp-content\/uploads\/sites\/5\/2016\/10\/groepjes-80x80.png 80w, https:\/\/www.easyswim.com\/fi\/wp-content\/uploads\/sites\/5\/2016\/10\/groepjes-36x36.png 36w, https:\/\/www.easyswim.com\/fi\/wp-content\/uploads\/sites\/5\/2016\/10\/groepjes-120x120.png 120w\" sizes=\"(max-width: 180px) 100vw, 180px\" \/><br \/>\nHaluamme, ett\u00e4 tuntimme ovat eritt\u00e4in tehokkaasti organisoituja. T\u00e4m\u00e4n vuoksi ty\u00f6skentelemme jokaisella opetustunnilla pieniss\u00e4 ryhmiss\u00e4. K\u00e4ytt\u00e4m\u00e4ll\u00e4 kuvakortteja, uimaopettajat pystyv\u00e4t tukemaan jokaista lasta h\u00e4nen omalla tasollaan. Lapset voivat valita, harjoittelevatko itsen\u00e4isesti vai yhdess\u00e4 toisten kanssa.<\/p>\n<\/div><\/section>\n\n<\/div><\/div><\/div><!-- close content main div --><\/div><\/div><\/div><div id='av_section_4'  class='avia-section av-av_section-ac34d507dec0fdefb7f80345646069d9 main_color avia-section-small avia-no-border-styling  avia-builder-el-7  el_after_av_section  el_before_av_section  avia-bg-style-scroll container_wrap fullsize'  ><div class=\"av-section-color-overlay-wrap\"><a href='#next-section' title='' class='scroll-down-link ' aria-hidden='true' data-av_icon='\ue877' data-av_iconfont='entypo-fontello'><\/a><div class='container av-section-cont-open' ><div class='template-page content  av-content-full alpha units'><div class='post-entry post-entry-type-page post-entry-247'><div class='entry-content-wrapper clearfix'>\n\n<style type=\"text\/css\" data-created_by=\"avia_inline_auto\" id=\"style-css-av-av_textblock-bf3521291f4a8b99f9d8c01555f1c27f\">\n#top .av_textblock_section.av-av_textblock-bf3521291f4a8b99f9d8c01555f1c27f .avia_textblock{\ncolor:#666666;\n}\n<\/style>\n<section  class='av_textblock_section av-av_textblock-bf3521291f4a8b99f9d8c01555f1c27f '   itemscope=\"itemscope\" itemtype=\"https:\/\/schema.org\/CreativeWork\" ><div class='avia_textblock av_inherit_color'  itemprop=\"text\" ><h3>Hyv\u00e4 suhde, hyv\u00e4 ilmapiiri<\/h3>\n<p><img loading=\"lazy\" decoding=\"async\" class=\"wp-image-3417 size-square alignleft\" src=\"http:\/\/www.easyswim.com\/fi\/wp-content\/uploads\/sites\/5\/2016\/10\/relatie-180x180.png\" width=\"180\" height=\"180\" srcset=\"https:\/\/www.easyswim.com\/fi\/wp-content\/uploads\/sites\/5\/2016\/10\/relatie-180x180.png 180w, https:\/\/www.easyswim.com\/fi\/wp-content\/uploads\/sites\/5\/2016\/10\/relatie-80x80.png 80w, https:\/\/www.easyswim.com\/fi\/wp-content\/uploads\/sites\/5\/2016\/10\/relatie-36x36.png 36w, https:\/\/www.easyswim.com\/fi\/wp-content\/uploads\/sites\/5\/2016\/10\/relatie-120x120.png 120w\" sizes=\"(max-width: 180px) 100vw, 180px\" \/><br \/>\nUimaopettajan ja lapsen v\u00e4linen suhde, kuten lasten keskin\u00e4inenkin suhde, m\u00e4\u00e4rittelee tuntien turvallisen ilmapiirin. T\u00e4m\u00e4n vuoksi painotamme vahvasti yhteenkuuluvuutta. Pyrimme uimakurssin aikana pit\u00e4m\u00e4\u00e4n lapset mahdollisimman pitk\u00e4\u00e4n samassa ryhm\u00e4ss\u00e4 saman ohjaajan kanssa, jotta lapsi oppii tuntemaan sek\u00e4 opettajan, ett\u00e4 muut lapset paremmin. Opettaja on p\u00e4\u00e4s\u00e4\u00e4nt\u00f6isesti vedess\u00e4, jolloin ohjaaja on l\u00e4hell\u00e4 lasta.<\/p>\n<\/div><\/section>\n<\/div><\/div><\/div><!-- close content main div --><\/div><\/div><\/div>\n<style type=\"text\/css\" data-created_by=\"avia_inline_auto\" id=\"style-css-av-av_section-4814d21bec3888844d69795024c5debc\">\n.avia-section.av-av_section-4814d21bec3888844d69795024c5debc .av-section-color-overlay{\nopacity:1;\nbackground-color:#f0f0f0;\n}\n<\/style>\n<div id='av_section_5'  class='avia-section av-av_section-4814d21bec3888844d69795024c5debc main_color avia-section-small avia-no-border-styling  avia-builder-el-9  el_after_av_section  el_before_av_textblock  avia-bg-style-scroll av-section-color-overlay-active container_wrap fullsize'  ><div class=\"av-section-color-overlay-wrap\"><div class=\"av-section-color-overlay\"><\/div><a href='#next-section' title='' class='scroll-down-link ' aria-hidden='true' data-av_icon='\ue877' data-av_iconfont='entypo-fontello'><\/a><div class='container av-section-cont-open' ><div class='template-page content  av-content-full alpha units'><div class='post-entry post-entry-type-page post-entry-247'><div class='entry-content-wrapper clearfix'>\n\n<style type=\"text\/css\" data-created_by=\"avia_inline_auto\" id=\"style-css-av-av_textblock-bf3521291f4a8b99f9d8c01555f1c27f\">\n#top .av_textblock_section.av-av_textblock-bf3521291f4a8b99f9d8c01555f1c27f .avia_textblock{\ncolor:#666666;\n}\n<\/style>\n<section  class='av_textblock_section av-av_textblock-bf3521291f4a8b99f9d8c01555f1c27f '   itemscope=\"itemscope\" itemtype=\"https:\/\/schema.org\/CreativeWork\" ><div class='avia_textblock av_inherit_color'  itemprop=\"text\" ><h3 style=\"text-align: left\">Lasten perinpohjainen sitoutuminen<\/h3>\n<p><img loading=\"lazy\" decoding=\"async\" class=\"wp-image-3414 size-square alignleft\" src=\"http:\/\/www.easyswim.com\/fi\/wp-content\/uploads\/sites\/5\/2016\/10\/betrokkenheid-180x180.png\" width=\"180\" height=\"180\" srcset=\"https:\/\/www.easyswim.com\/fi\/wp-content\/uploads\/sites\/5\/2016\/10\/betrokkenheid-180x180.png 180w, https:\/\/www.easyswim.com\/fi\/wp-content\/uploads\/sites\/5\/2016\/10\/betrokkenheid-80x80.png 80w, https:\/\/www.easyswim.com\/fi\/wp-content\/uploads\/sites\/5\/2016\/10\/betrokkenheid-36x36.png 36w, https:\/\/www.easyswim.com\/fi\/wp-content\/uploads\/sites\/5\/2016\/10\/betrokkenheid-120x120.png 120w\" sizes=\"(max-width: 180px) 100vw, 180px\" \/><br \/>\nParhaat oppimistulokset saavutetaan, kun lapset ovat perinpohjaisesti sitoutuneita. Kannustaaksemme lapsen luontaista motivaatiota\u00a0kiinnit\u00e4mme erityist\u00e4 huomiota luodaksemme tunneille <a href=\"http:\/\/www.easyswim.com\/fi\/uima-altaille\/ezzys-islands\/\"><u>rikkaan oppimisymp\u00e4rist\u00f6n<\/u><\/a>. Tarjoamalla mielek\u00e4st\u00e4 sis\u00e4lt\u00f6\u00e4 uimatunneilla innostamme ja haastaamme lapsia tutkimaan sek\u00e4 oppimaan uutta. Rikas oppimisymp\u00e4rist\u00f6 luo erinomaiset olosuhteet uuden oppimiselle.<\/p>\n<\/div><\/section>\n<\/div><\/div><\/div><!-- close content main div --><\/div><\/div><\/div><div id='after_section_5'  class='main_color av_default_container_wrap container_wrap fullsize'  ><div class='container av-section-cont-open' ><div class='template-page content  av-content-full alpha units'><div class='post-entry post-entry-type-page post-entry-247'><div class='entry-content-wrapper clearfix'><\/p>\n<section  class='av_textblock_section av-av_textblock-35972167d9f102c5ddaec0c531c98b9e '   itemscope=\"itemscope\" itemtype=\"https:\/\/schema.org\/CreativeWork\" ><div class='avia_textblock'  itemprop=\"text\" ><p style=\"text-align: center\"><strong>Perustuen yll\u00e4 mainittuihin EasySwimin kulmakiviin, opetusmetodi on optimaalisesti r\u00e4\u00e4t\u00e4l\u00f6ity pienten lasten tapaan oppia.<br \/>\nSaavutamme parhaan mahdollisen sitoutumisen ja luomme ilon uimiseen n\u00e4iden nelj\u00e4n periaatteen avulla, mik\u00e4 puolestaan johtaa parhaisiin tuloksiin.<\/strong><\/p>\n<\/div><\/section>\n","protected":false},"excerpt":{"rendered":"","protected":false},"author":1,"featured_media":0,"parent":747,"menu_order":0,"comment_status":"closed","ping_status":"closed","template":"","meta":{"footnotes":""},"_links":{"self":[{"href":"https:\/\/www.easyswim.com\/fi\/wp-json\/wp\/v2\/pages\/247"}],"collection":[{"href":"https:\/\/www.easyswim.com\/fi\/wp-json\/wp\/v2\/pages"}],"about":[{"href":"https:\/\/www.easyswim.com\/fi\/wp-json\/wp\/v2\/types\/page"}],"author":[{"embeddable":true,"href":"https:\/\/www.easyswim.com\/fi\/wp-json\/wp\/v2\/users\/1"}],"replies":[{"embeddable":true,"href":"https:\/\/www.easyswim.com\/fi\/wp-json\/wp\/v2\/comments?post=247"}],"version-history":[{"count":36,"href":"https:\/\/www.easyswim.com\/fi\/wp-json\/wp\/v2\/pages\/247\/revisions"}],"predecessor-version":[{"id":3569,"href":"https:\/\/www.easyswim.com\/fi\/wp-json\/wp\/v2\/pages\/247\/revisions\/3569"}],"up":[{"embeddable":true,"href":"https:\/\/www.easyswim.com\/fi\/wp-json\/wp\/v2\/pages\/747"}],"wp:attachment":[{"href":"https:\/\/www.easyswim.com\/fi\/wp-json\/wp\/v2\/media?parent=247"}],"curies":[{"name":"wp","href":"https:\/\/api.w.org\/{rel}","templated":true}]}}