
{"id":204,"date":"2016-10-11T14:16:46","date_gmt":"2016-10-11T14:16:46","guid":{"rendered":"http:\/\/www.easyswim.com\/nl\/?page_id=204"},"modified":"2017-03-16T09:43:27","modified_gmt":"2017-03-16T09:43:27","slug":"unelma-ja-uskomukset","status":"publish","type":"page","link":"https:\/\/www.easyswim.com\/fi\/vanhemmille\/unelma-ja-uskomukset\/","title":{"rendered":"Unelma ja uskomukset"},"content":{"rendered":"\n<style type=\"text\/css\" data-created_by=\"avia_inline_auto\" id=\"style-css-av-av_section-47791a4c58f8b143479597e2822b8f24\">\n.avia-section.av-av_section-47791a4c58f8b143479597e2822b8f24{\nbackground-repeat:no-repeat;\nbackground-image:url(https:\/\/www.easyswim.com\/fi\/wp-content\/uploads\/sites\/5\/2016\/10\/slider4.jpg);\nbackground-position:50% 50%;\nbackground-attachment:scroll;\n}\n<\/style>\n<div id='av_section_1'  class='avia-section av-av_section-47791a4c58f8b143479597e2822b8f24 main_color avia-section-small avia-no-border-styling  avia-builder-el-0  el_before_av_submenu  avia-builder-el-first  avia-full-stretch avia-bg-style-scroll av-minimum-height av-minimum-height-25 av-height-25  container_wrap fullsize'  data-section-bg-repeat='stretch' data-av_minimum_height_pc='25' data-av_min_height_opt='25'><div class='container av-section-cont-open' ><main  role=\"main\" itemprop=\"mainContentOfPage\"  class='template-page content  av-content-full alpha units'><div class='post-entry post-entry-type-page post-entry-204'><div class='entry-content-wrapper clearfix'>\n<\/div><\/div><\/main><!-- close content main element --><\/div><\/div><div class='clear'><\/div><div id='sub_menu1'  class='av-submenu-container av-av_submenu-45742820077ed7d2f34df3f7c295d459 main_color  avia-builder-el-1  el_after_av_section  el_before_av_section  av-sticky-submenu submenu-not-first container_wrap fullsize' style='z-index:301' ><div class='container av-menu-mobile-disabled av-submenu-pos-left'><ul id=\"menu-sub-story-parents\" class=\"av-subnav-menu\" role=\"menu\"><li role=\"menuitem\" id=\"menu-item-3302\" class=\"menu-item menu-item-type-post_type menu-item-object-page menu-item-top-level menu-item-top-level-1\"><a href=\"https:\/\/www.easyswim.com\/fi\/vanhemmille\/unelma-ja-uskomukset\/\" itemprop=\"url\" tabindex=\"0\"><span class=\"avia-bullet\"><\/span><span class=\"avia-menu-text\">Unelma ja uskomukset<\/span><span class=\"avia-menu-fx\"><span class=\"avia-arrow-wrap\"><span class=\"avia-arrow\"><\/span><\/span><\/span><\/a><\/li>\n<li role=\"menuitem\" id=\"menu-item-3305\" class=\"menu-item menu-item-type-post_type menu-item-object-page menu-item-top-level menu-item-top-level-2\"><a href=\"https:\/\/www.easyswim.com\/fi\/vanhemmille\/pilarit-ja-metodi\/\" itemprop=\"url\" tabindex=\"0\"><span class=\"avia-bullet\"><\/span><span class=\"avia-menu-text\">Metodin kulmakivet<\/span><span class=\"avia-menu-fx\"><span class=\"avia-arrow-wrap\"><span class=\"avia-arrow\"><\/span><\/span><\/span><\/a><\/li>\n<li role=\"menuitem\" id=\"menu-item-3306\" class=\"menu-item menu-item-type-post_type menu-item-object-page menu-item-top-level menu-item-top-level-3\"><a href=\"https:\/\/www.easyswim.com\/fi\/vanhemmille\/easyswim-diplomi\/\" itemprop=\"url\" tabindex=\"0\"><span class=\"avia-bullet\"><\/span><span class=\"avia-menu-text\">EasySwim-diplomi<\/span><span class=\"avia-menu-fx\"><span class=\"avia-arrow-wrap\"><span class=\"avia-arrow\"><\/span><\/span><\/span><\/a><\/li>\n<li role=\"menuitem\" id=\"menu-item-3307\" class=\"menu-item menu-item-type-post_type menu-item-object-page menu-item-top-level menu-item-top-level-4\"><a href=\"https:\/\/www.easyswim.com\/fi\/vanhemmille\/ezzys-islands\/\" itemprop=\"url\" tabindex=\"0\"><span class=\"avia-bullet\"><\/span><span class=\"avia-menu-text\">Ezzy&#8217;s Islands<\/span><span class=\"avia-menu-fx\"><span class=\"avia-arrow-wrap\"><span class=\"avia-arrow\"><\/span><\/span><\/span><\/a><\/li>\n<\/ul><\/div><\/div><div class='sticky_placeholder'><\/div>\n<div id='av_section_2'  class='avia-section av-av_section-354055d816885e06b4f88c924ff6481e main_color avia-section-default avia-no-border-styling  avia-builder-el-2  el_after_av_submenu  avia-builder-el-last  avia-bg-style-scroll container_wrap fullsize'  ><div class=\"av-section-color-overlay-wrap\"><a href='#next-section' title='' class='scroll-down-link ' aria-hidden='true' data-av_icon='\ue877' data-av_iconfont='entypo-fontello'><\/a><div class='container av-section-cont-open' ><div class='template-page content  av-content-full alpha units'><div class='post-entry post-entry-type-page post-entry-204'><div class='entry-content-wrapper clearfix'>\n<section  class='av_textblock_section av-av_textblock-35972167d9f102c5ddaec0c531c98b9e '   itemscope=\"itemscope\" itemtype=\"https:\/\/schema.org\/CreativeWork\" ><div class='avia_textblock'  itemprop=\"text\" ><h1 style=\"text-align: center;\">Kuvittele\u2026<\/h1>\n<\/div><\/section>\n\n<style type=\"text\/css\" data-created_by=\"avia_inline_auto\" id=\"style-css-av-av_textblock-bf3521291f4a8b99f9d8c01555f1c27f\">\n#top .av_textblock_section.av-av_textblock-bf3521291f4a8b99f9d8c01555f1c27f .avia_textblock{\ncolor:#666666;\n}\n<\/style>\n<section  class='av_textblock_section av-av_textblock-bf3521291f4a8b99f9d8c01555f1c27f '   itemscope=\"itemscope\" itemtype=\"https:\/\/schema.org\/CreativeWork\" ><div class='avia_textblock av_inherit_color'  itemprop=\"text\" ><p style=\"text-align: center;\">`<strong>Kuvittele uimaan oppimisen tuottavan todellista iloa lapsille, siten ett\u00e4 heill\u00e4 on oikeasti hauskaa jokaisella uimatunnilla. Lapset ovat sitoutuneita uimaopetukseen ja tuntevat olonsa turvalliseksi sek\u00e4 pystyv\u00e4t olemaan omia itsej\u00e4\u00e4n sek\u00e4 kehittym\u00e4\u00e4n omassa tahdissaan. T\u00e4m\u00e4n ansiosta oppiminen tapahtuu l\u00e4hes luonnostaan ja ohjaajatkin kokevat tunnit miellytt\u00e4viksi ja innostaviksi. Uimaopetuksessa k\u00e4ytett\u00e4v\u00e4n EasySwim-metodin perustana on n\u00e4kemys siit\u00e4, ettei uimaan opettelun pelk\u00e4st\u00e4\u00e4n <em>pit\u00e4isi <\/em>olla hauskaa ja helppoa jokaiselle lapselle, vaan se my\u00f6s <em>voi <\/em>olla sit\u00e4. EasySwim-tunnit ovat suunniteltu pienten lasten pedagogisten tarpeiden ja motoristen taitojen mukaan.\u00a0Lyhyesti sanottuna kyseess\u00e4 on metodi, jossa sek\u00e4 lapsen ett\u00e4 ohjaajan viihtyminen ja sitoutuminen ovat toiminnan keski\u00f6ss\u00e4. Tuloksena on optimaalinen oppimisprosessi, maksimaaliset tulokset ja elinik\u00e4inen uimisen ilo.<\/strong><\/p>\n<\/div><\/section>\n\n<style type=\"text\/css\" data-created_by=\"avia_inline_auto\" id=\"style-css-av-av_one_half-6126cab7d8fab8d08143dd2dacdf673c\">\n.flex_column.av-av_one_half-6126cab7d8fab8d08143dd2dacdf673c{\nborder-radius:0px 0px 0px 0px;\npadding:0px 0px 0px 0px;\n}\n<\/style>\n<div  class='flex_column av-av_one_half-6126cab7d8fab8d08143dd2dacdf673c av_one_half  avia-builder-el-5  el_after_av_textblock  el_before_av_one_half  first flex_column_div av-zero-column-padding  column-top-margin'     ><style type=\"text\/css\" data-created_by=\"avia_inline_auto\" id=\"style-css-av-av_textblock-bf3521291f4a8b99f9d8c01555f1c27f\">\n#top .av_textblock_section.av-av_textblock-bf3521291f4a8b99f9d8c01555f1c27f .avia_textblock{\ncolor:#666666;\n}\n<\/style>\n<section  class='av_textblock_section av-av_textblock-bf3521291f4a8b99f9d8c01555f1c27f '   itemscope=\"itemscope\" itemtype=\"https:\/\/schema.org\/CreativeWork\" ><div class='avia_textblock av_inherit_color'  itemprop=\"text\" ><h3>Keskitymme lapseen, nautintoon ja sitoutumiseen<\/h3>\n<p>Uskomme, ett\u00e4 nautinto ja sitoutuminen ovat avaintekij\u00e4t tehokkaaseen oppimiseen. T\u00e4m\u00e4n vuoksi keskitymme aina lapseen, h\u00e4nen viihtymiseens\u00e4 ja sitoutumiseensa. Lapset ovat luonnostaan innokkaita oppimaan ja uskomme heid\u00e4n oppivan kokemusten kautta. Haluamme motivoida lapsia luonnollisesti antamalla heid\u00e4n hallita omaa oppimisprosessiaan yhdess\u00e4 muiden kanssa.<\/p>\n<\/div><\/section><\/div>\n<style type=\"text\/css\" data-created_by=\"avia_inline_auto\" id=\"style-css-av-av_one_half-0aa7055fe62c3622faec82866afbaeb2\">\n.flex_column.av-av_one_half-0aa7055fe62c3622faec82866afbaeb2{\nborder-radius:0px 0px 0px 0px;\npadding:0px 0px 0px 0px;\n}\n<\/style>\n<div  class='flex_column av-av_one_half-0aa7055fe62c3622faec82866afbaeb2 av_one_half  avia-builder-el-7  el_after_av_one_half  el_before_av_textblock  flex_column_div av-zero-column-padding  column-top-margin'     ><style type=\"text\/css\" data-created_by=\"avia_inline_auto\" id=\"style-css-av-av_image-838e9ef77fda605f2ec7cd9b9b790921\">\n.avia-image-container.av-av_image-838e9ef77fda605f2ec7cd9b9b790921 img.avia_image{\nbox-shadow:none;\n}\n.avia-image-container.av-av_image-838e9ef77fda605f2ec7cd9b9b790921 .av-image-caption-overlay-center{\ncolor:#ffffff;\n}\n<\/style>\n<div  class='avia-image-container av-av_image-838e9ef77fda605f2ec7cd9b9b790921 av-styling- avia-align-center  avia-builder-el-8  avia-builder-el-no-sibling '   itemprop=\"image\" itemscope=\"itemscope\" itemtype=\"https:\/\/schema.org\/ImageObject\" ><div class=\"avia-image-container-inner\"><div class=\"avia-image-overlay-wrap\"><a href=\"https:\/\/www.youtube.com\/watch?v=YG-M6k7Gp5s\" class='avia_image'  aria-label='video_placeholder'><img fetchpriority=\"high\" class='wp-image-3672 avia-img-lazy-loading-not-3672 avia_image ' src='https:\/\/www.easyswim.com\/fi\/wp-content\/uploads\/sites\/5\/2016\/10\/video_placeholder.jpg' alt='' title='video_placeholder'  height=\"270\" width=\"480\"  itemprop=\"thumbnailUrl\"  \/><\/a><\/div><\/div><\/div><\/div>\n<style type=\"text\/css\" data-created_by=\"avia_inline_auto\" id=\"style-css-av-av_textblock-bf3521291f4a8b99f9d8c01555f1c27f\">\n#top .av_textblock_section.av-av_textblock-bf3521291f4a8b99f9d8c01555f1c27f .avia_textblock{\ncolor:#666666;\n}\n<\/style>\n<section  class='av_textblock_section av-av_textblock-bf3521291f4a8b99f9d8c01555f1c27f '   itemscope=\"itemscope\" itemtype=\"https:\/\/schema.org\/CreativeWork\" ><div class='avia_textblock av_inherit_color'  itemprop=\"text\" ><h5>Ymm\u00e4rr\u00e4mme jokaisen lapsen olevan ainutlaatuisen<\/h5>\n<p>Uskomme, ett\u00e4 jokaisella lapsella on luonnostaan erilaiset taipumukset ja luonne. Olemme my\u00f6s vakuuttuneita siit\u00e4, ett\u00e4 lapset voivat kehitt\u00e4\u00e4 perusominaisuuksiaan harjoittelun ja vaivann\u00e4\u00f6n kautta. Pystymme n\u00e4kem\u00e4\u00e4n jokaisessa lapsessa piilev\u00e4n potentiaalin, mik\u00e4 ei ole viel\u00e4 p\u00e4\u00e4ssyt kehittym\u00e4\u00e4n. T\u00e4m\u00e4 ajattelutapa sallii lasten kukoistaa ja kehitty\u00e4.<\/p>\n<\/div><\/section>\n\n<style type=\"text\/css\" data-created_by=\"avia_inline_auto\" id=\"style-css-av-av_hr-9785ac763db306a700987aaefc0db39c\">\n#top .hr.hr-invisible.av-av_hr-9785ac763db306a700987aaefc0db39c{\nheight:15px;\n}\n<\/style>\n<div  class='hr av-av_hr-9785ac763db306a700987aaefc0db39c hr-invisible  avia-builder-el-10  el_after_av_textblock  el_before_av_textblock '><span class='hr-inner '><span class=\"hr-inner-style\"><\/span><\/span><\/div>\n\n<style type=\"text\/css\" data-created_by=\"avia_inline_auto\" id=\"style-css-av-av_textblock-bf3521291f4a8b99f9d8c01555f1c27f\">\n#top .av_textblock_section.av-av_textblock-bf3521291f4a8b99f9d8c01555f1c27f .avia_textblock{\ncolor:#666666;\n}\n<\/style>\n<section  class='av_textblock_section av-av_textblock-bf3521291f4a8b99f9d8c01555f1c27f '   itemscope=\"itemscope\" itemtype=\"https:\/\/schema.org\/CreativeWork\" ><div class='avia_textblock av_inherit_color'  itemprop=\"text\" ><h5>Lapsille r\u00e4\u00e4t\u00e4l\u00f6ity opetusmetodi<\/h5>\n<p>N\u00e4ist\u00e4 uskomuksista on kehitetty uimaopetuksen EasySwim-metodi. EasySwim-metodi on suunniteltu erityisesti pit\u00e4en silm\u00e4ll\u00e4 pienten lasten pedagogisia erityistarpeita ja se on sovitettu vastaamaan pienten\u00a0lasten\u00a0motorista taitotasoa. Mit\u00e4 valintoja olemme tehneet? Lue lis\u00e4\u00e4 EasySwim-metodin nelj\u00e4st\u00e4 kulmakivest\u00e4\u00a0<a href=\"http:\/\/www.easyswim.com\/fi\/uima-altaille\/pilarit-ja-metodi\/\">t\u00e4\u00e4lt\u00e4<\/a>.<\/p>\n<\/div><\/section>\n\n","protected":false},"excerpt":{"rendered":"","protected":false},"author":1,"featured_media":0,"parent":744,"menu_order":0,"comment_status":"closed","ping_status":"closed","template":"","meta":{"footnotes":""},"_links":{"self":[{"href":"https:\/\/www.easyswim.com\/fi\/wp-json\/wp\/v2\/pages\/204"}],"collection":[{"href":"https:\/\/www.easyswim.com\/fi\/wp-json\/wp\/v2\/pages"}],"about":[{"href":"https:\/\/www.easyswim.com\/fi\/wp-json\/wp\/v2\/types\/page"}],"author":[{"embeddable":true,"href":"https:\/\/www.easyswim.com\/fi\/wp-json\/wp\/v2\/users\/1"}],"replies":[{"embeddable":true,"href":"https:\/\/www.easyswim.com\/fi\/wp-json\/wp\/v2\/comments?post=204"}],"version-history":[{"count":30,"href":"https:\/\/www.easyswim.com\/fi\/wp-json\/wp\/v2\/pages\/204\/revisions"}],"predecessor-version":[{"id":3671,"href":"https:\/\/www.easyswim.com\/fi\/wp-json\/wp\/v2\/pages\/204\/revisions\/3671"}],"up":[{"embeddable":true,"href":"https:\/\/www.easyswim.com\/fi\/wp-json\/wp\/v2\/pages\/744"}],"wp:attachment":[{"href":"https:\/\/www.easyswim.com\/fi\/wp-json\/wp\/v2\/media?parent=204"}],"curies":[{"name":"wp","href":"https:\/\/api.w.org\/{rel}","templated":true}]}}