
{"id":200,"date":"2016-10-11T14:16:00","date_gmt":"2016-10-11T14:16:00","guid":{"rendered":"http:\/\/www.easyswim.com\/nl\/?page_id=200"},"modified":"2016-11-17T09:47:54","modified_gmt":"2016-11-17T09:47:54","slug":"tuki","status":"publish","type":"page","link":"https:\/\/www.easyswim.com\/fi\/uima-altaille\/tuki\/","title":{"rendered":"Tuki"},"content":{"rendered":"\n<style type=\"text\/css\" data-created_by=\"avia_inline_auto\" id=\"style-css-av-av_section-9429eac705c98b65dcc44484fa08fe13\">\n.avia-section.av-av_section-9429eac705c98b65dcc44484fa08fe13{\nbackground-repeat:no-repeat;\nbackground-image:url(https:\/\/www.easyswim.com\/fi\/wp-content\/uploads\/sites\/5\/2016\/10\/slider2.jpg);\nbackground-position:50% 50%;\nbackground-attachment:scroll;\n}\n<\/style>\n<div id='av_section_1'  class='avia-section av-av_section-9429eac705c98b65dcc44484fa08fe13 main_color avia-section-default avia-no-border-styling  avia-builder-el-0  el_before_av_submenu  avia-builder-el-first  avia-full-stretch avia-bg-style-scroll av-minimum-height av-minimum-height-25 av-height-25  container_wrap fullsize'  data-section-bg-repeat='stretch' data-av_minimum_height_pc='25' data-av_min_height_opt='25'><div class='container av-section-cont-open' ><main  role=\"main\" itemprop=\"mainContentOfPage\"  class='template-page content  av-content-full alpha units'><div class='post-entry post-entry-type-page post-entry-200'><div class='entry-content-wrapper clearfix'>\n<\/div><\/div><\/main><!-- close content main element --><\/div><\/div><div class='clear'><\/div><div id='sub_menu1'  class='av-submenu-container av-av_submenu-f89dcf6036296de7cb30a734f7c3328e main_color  avia-builder-el-1  el_after_av_section  el_before_av_section  av-sticky-submenu submenu-not-first container_wrap fullsize' style='z-index:301' ><div class='container av-menu-mobile-disabled av-submenu-pos-left'><ul id=\"menu-sub-support\" class=\"av-subnav-menu\" role=\"menu\"><li role=\"menuitem\" id=\"menu-item-3317\" class=\"menu-item menu-item-type-post_type menu-item-object-page menu-item-top-level menu-item-top-level-1\"><a href=\"https:\/\/www.easyswim.com\/fi\/uima-altaille\/tuki\/\" itemprop=\"url\" tabindex=\"0\"><span class=\"avia-bullet\"><\/span><span class=\"avia-menu-text\">Tuki<\/span><span class=\"avia-menu-fx\"><span class=\"avia-arrow-wrap\"><span class=\"avia-arrow\"><\/span><\/span><\/span><\/a><\/li>\n<li role=\"menuitem\" id=\"menu-item-3320\" class=\"menu-item menu-item-type-post_type menu-item-object-page menu-item-top-level menu-item-top-level-2\"><a href=\"https:\/\/www.easyswim.com\/fi\/uima-altaille\/tuki\/tiedon-jakaminen\/\" itemprop=\"url\" tabindex=\"0\"><span class=\"avia-bullet\"><\/span><span class=\"avia-menu-text\">Tiedon jakaminen<\/span><span class=\"avia-menu-fx\"><span class=\"avia-arrow-wrap\"><span class=\"avia-arrow\"><\/span><\/span><\/span><\/a><\/li>\n<li role=\"menuitem\" id=\"menu-item-3319\" class=\"menu-item menu-item-type-post_type menu-item-object-page menu-item-top-level menu-item-top-level-3\"><a href=\"https:\/\/www.easyswim.com\/fi\/uima-altaille\/tuki\/ohjelmisto\/\" itemprop=\"url\" tabindex=\"0\"><span class=\"avia-bullet\"><\/span><span class=\"avia-menu-text\">Ohjelmisto<\/span><span class=\"avia-menu-fx\"><span class=\"avia-arrow-wrap\"><span class=\"avia-arrow\"><\/span><\/span><\/span><\/a><\/li>\n<li role=\"menuitem\" id=\"menu-item-3318\" class=\"menu-item menu-item-type-post_type menu-item-object-page menu-item-top-level menu-item-top-level-4\"><a href=\"https:\/\/www.easyswim.com\/fi\/uima-altaille\/tuki\/markkinoiti\/\" itemprop=\"url\" tabindex=\"0\"><span class=\"avia-bullet\"><\/span><span class=\"avia-menu-text\">Markkinointi<\/span><span class=\"avia-menu-fx\"><span class=\"avia-arrow-wrap\"><span class=\"avia-arrow\"><\/span><\/span><\/span><\/a><\/li>\n<\/ul><\/div><\/div><div class='sticky_placeholder'><\/div>\n<div id='av_section_2'  class='avia-section av-av_section-354055d816885e06b4f88c924ff6481e main_color avia-section-default avia-no-border-styling  avia-builder-el-2  el_after_av_submenu  el_before_av_section  avia-bg-style-scroll container_wrap fullsize'  ><div class=\"av-section-color-overlay-wrap\"><a href='#next-section' title='' class='scroll-down-link ' aria-hidden='true' data-av_icon='\ue877' data-av_iconfont='entypo-fontello'><\/a><div class='container av-section-cont-open' ><div class='template-page content  av-content-full alpha units'><div class='post-entry post-entry-type-page post-entry-200'><div class='entry-content-wrapper clearfix'>\n<section  class='av_textblock_section av-av_textblock-35972167d9f102c5ddaec0c531c98b9e '   itemscope=\"itemscope\" itemtype=\"https:\/\/schema.org\/CreativeWork\" ><div class='avia_textblock'  itemprop=\"text\" ><h1 style=\"text-align: center\">Tukea parempiin tuloksiin<\/h1>\n<\/div><\/section>\n\n<style type=\"text\/css\" data-created_by=\"avia_inline_auto\" id=\"style-css-av-av_textblock-bf3521291f4a8b99f9d8c01555f1c27f\">\n#top .av_textblock_section.av-av_textblock-bf3521291f4a8b99f9d8c01555f1c27f .avia_textblock{\ncolor:#666666;\n}\n<\/style>\n<section  class='av_textblock_section av-av_textblock-bf3521291f4a8b99f9d8c01555f1c27f '   itemscope=\"itemscope\" itemtype=\"https:\/\/schema.org\/CreativeWork\" ><div class='avia_textblock av_inherit_color'  itemprop=\"text\" ><p>Kun uimahallisi tai -koulusi hy\u00f6dynt\u00e4\u00e4 EasySwimia, tuemme sinua jatkuvasti optimoimalla uimaopetusta ja tekem\u00e4ll\u00e4 toiminnasta entist\u00e4 tuottavampaa. Toteutamme t\u00e4m\u00e4n ker\u00e4\u00e4m\u00e4ll\u00e4 jatkuvasti tietoa ja kokemuksia kaikilta EasySwim-uimaopetuksen j\u00e4rjest\u00e4jilt\u00e4 ymp\u00e4ri maailmaa. Onko uimahallisi liittynyt EasySwimiin? Silloin p\u00e4\u00e4set hy\u00f6tym\u00e4\u00e4n laajasta yhteis\u00f6st\u00e4 sek\u00e4 toimintojen suuresta mittakaavasta. Lopputuloksena pystymme tarjoamaan parempaa uimaopetusta kustannustehokkaammin sek\u00e4 liikevaihdon kasvun, joka kumpuaa tyytyv\u00e4isist\u00e4 asiakkaista.\u00a0Tarjoamamme tukipaketti EasySwim-j\u00e4rjest\u00e4jille perustuu kolmeen rakennuspalikkaan:<\/p>\n<\/div><\/section>\n<\/div><\/div><\/div><!-- close content main div --><\/div><\/div><\/div>\n<style type=\"text\/css\" data-created_by=\"avia_inline_auto\" id=\"style-css-av-av_section-e5426f058cf211498fa9c26fdbb73ca2\">\n.avia-section.av-av_section-e5426f058cf211498fa9c26fdbb73ca2 .av-section-color-overlay{\nopacity:1;\nbackground-color:#f0f0f0;\n}\n<\/style>\n<div id='av_section_3'  class='avia-section av-av_section-e5426f058cf211498fa9c26fdbb73ca2 main_color avia-section-default avia-no-border-styling  avia-builder-el-5  el_after_av_section  avia-builder-el-last  avia-bg-style-scroll av-section-color-overlay-active container_wrap fullsize'  ><div class=\"av-section-color-overlay-wrap\"><div class=\"av-section-color-overlay\"><\/div><div class='container av-section-cont-open' ><div class='template-page content  av-content-full alpha units'><div class='post-entry post-entry-type-page post-entry-200'><div class='entry-content-wrapper clearfix'>\n\n<style type=\"text\/css\" data-created_by=\"avia_inline_auto\" id=\"style-css-av-av_one_third-6126cab7d8fab8d08143dd2dacdf673c\">\n.flex_column.av-av_one_third-6126cab7d8fab8d08143dd2dacdf673c{\nborder-radius:0px 0px 0px 0px;\npadding:0px 0px 0px 0px;\n}\n<\/style>\n<div  class='flex_column av-av_one_third-6126cab7d8fab8d08143dd2dacdf673c av_one_third  avia-builder-el-6  el_before_av_one_third  avia-builder-el-first  first flex_column_div av-zero-column-padding  '     ><div  class='avia-button-wrap av-av_button-3f0b7f1ce60b55e983f69b48b1228ce6-wrap avia-button-center  avia-builder-el-7  avia-builder-el-no-sibling '>\n<style type=\"text\/css\" data-created_by=\"avia_inline_auto\" id=\"style-css-av-av_button-3f0b7f1ce60b55e983f69b48b1228ce6\">\n#top #wrap_all .avia-button.av-av_button-3f0b7f1ce60b55e983f69b48b1228ce6{\nbackground-color:#3399cc;\nborder-color:#3399cc;\ncolor:#ffffff;\ntransition:all 0.4s ease-in-out;\n}\n<\/style>\n<a href='https:\/\/www.easyswim.com\/fi\/webshop\/afrekenen\/'  class='avia-button av-av_button-3f0b7f1ce60b55e983f69b48b1228ce6 avia-icon_select-no avia-size-large avia-position-center av-icon-on-hover'  ><span class='avia_iconbox_title' >Lue t\u00e4\u00e4lt\u00e4 lis\u00e4\u00e4 EasySwim Academysta<\/span><\/a><\/div><\/div>\n<style type=\"text\/css\" data-created_by=\"avia_inline_auto\" id=\"style-css-av-av_one_third-0aa7055fe62c3622faec82866afbaeb2\">\n.flex_column.av-av_one_third-0aa7055fe62c3622faec82866afbaeb2{\nborder-radius:0px 0px 0px 0px;\npadding:0px 0px 0px 0px;\n}\n<\/style>\n<div  class='flex_column av-av_one_third-0aa7055fe62c3622faec82866afbaeb2 av_one_third  avia-builder-el-8  el_after_av_one_third  el_before_av_one_third  flex_column_div av-zero-column-padding  '     ><div  class='avia-button-wrap av-av_button-375de089186e24a0d5e4574bf663b217-wrap avia-button-center  avia-builder-el-9  avia-builder-el-no-sibling '>\n<style type=\"text\/css\" data-created_by=\"avia_inline_auto\" id=\"style-css-av-av_button-375de089186e24a0d5e4574bf663b217\">\n#top #wrap_all .avia-button.av-av_button-375de089186e24a0d5e4574bf663b217{\nbackground-color:#3399cc;\nborder-color:#3399cc;\ncolor:#ffffff;\ntransition:all 0.4s ease-in-out;\n}\n<\/style>\n<a href='https:\/\/www.easyswim.com\/fi\/webshop\/afrekenen\/'  class='avia-button av-av_button-375de089186e24a0d5e4574bf663b217 avia-icon_select-no avia-size-large avia-position-center'  ><span class='avia_iconbox_title' >Lue t\u00e4\u00e4lt\u00e4 lis\u00e4\u00e4 EasySwim Splash-ohjelmistosta<\/span><\/a><\/div><\/div>\n<style type=\"text\/css\" data-created_by=\"avia_inline_auto\" id=\"style-css-av-av_one_third-0aa7055fe62c3622faec82866afbaeb2\">\n.flex_column.av-av_one_third-0aa7055fe62c3622faec82866afbaeb2{\nborder-radius:0px 0px 0px 0px;\npadding:0px 0px 0px 0px;\n}\n<\/style>\n<div  class='flex_column av-av_one_third-0aa7055fe62c3622faec82866afbaeb2 av_one_third  avia-builder-el-10  el_after_av_one_third  avia-builder-el-last  flex_column_div av-zero-column-padding  '     ><div  class='avia-button-wrap av-av_button-03aead81b3bc597c8eec5906232c7bac-wrap avia-button-center  avia-builder-el-11  avia-builder-el-no-sibling '>\n<style type=\"text\/css\" data-created_by=\"avia_inline_auto\" id=\"style-css-av-av_button-03aead81b3bc597c8eec5906232c7bac\">\n#top #wrap_all .avia-button.av-av_button-03aead81b3bc597c8eec5906232c7bac{\nbackground-color:#3399cc;\nborder-color:#3399cc;\ncolor:#ffffff;\ntransition:all 0.4s ease-in-out;\n}\n<\/style>\n<a href='https:\/\/www.easyswim.com\/fi\/webshop\/afrekenen\/'  class='avia-button av-av_button-03aead81b3bc597c8eec5906232c7bac avia-icon_select-no avia-size-large avia-position-center'  ><span class='avia_iconbox_title' >Lue t\u00e4\u00e4lt\u00e4 lis\u00e4\u00e4 markkinointituesta<\/span><\/a><\/div><\/div>\n<\/p>\n","protected":false},"excerpt":{"rendered":"","protected":false},"author":1,"featured_media":0,"parent":747,"menu_order":0,"comment_status":"closed","ping_status":"closed","template":"","meta":{"footnotes":""},"_links":{"self":[{"href":"https:\/\/www.easyswim.com\/fi\/wp-json\/wp\/v2\/pages\/200"}],"collection":[{"href":"https:\/\/www.easyswim.com\/fi\/wp-json\/wp\/v2\/pages"}],"about":[{"href":"https:\/\/www.easyswim.com\/fi\/wp-json\/wp\/v2\/types\/page"}],"author":[{"embeddable":true,"href":"https:\/\/www.easyswim.com\/fi\/wp-json\/wp\/v2\/users\/1"}],"replies":[{"embeddable":true,"href":"https:\/\/www.easyswim.com\/fi\/wp-json\/wp\/v2\/comments?post=200"}],"version-history":[{"count":21,"href":"https:\/\/www.easyswim.com\/fi\/wp-json\/wp\/v2\/pages\/200\/revisions"}],"predecessor-version":[{"id":3549,"href":"https:\/\/www.easyswim.com\/fi\/wp-json\/wp\/v2\/pages\/200\/revisions\/3549"}],"up":[{"embeddable":true,"href":"https:\/\/www.easyswim.com\/fi\/wp-json\/wp\/v2\/pages\/747"}],"wp:attachment":[{"href":"https:\/\/www.easyswim.com\/fi\/wp-json\/wp\/v2\/media?parent=200"}],"curies":[{"name":"wp","href":"https:\/\/api.w.org\/{rel}","templated":true}]}}