
{"id":11,"date":"2016-10-06T07:05:11","date_gmt":"2016-10-06T07:05:11","guid":{"rendered":"http:\/\/www.easyswim.com\/nl\/?page_id=11"},"modified":"2018-10-05T07:58:10","modified_gmt":"2018-10-05T07:58:10","slug":"home","status":"publish","type":"page","link":"https:\/\/www.easyswim.com\/fi\/","title":{"rendered":"Home"},"content":{"rendered":"<div id='av_section_1'  class='avia-section av-av_section-dcbeb84abb61baafb68af182686ce24d main_color avia-section-no-padding avia-no-border-styling  avia-builder-el-0  el_before_av_section  avia-builder-el-first  video_container avia-bg-style-scroll av-minimum-height av-minimum-height-50 av-height-50  av-section-with-video-bg container_wrap fullsize'   data-av_minimum_height_pc='50' data-av_min_height_opt='50' data-section-video-ratio='16:9'><div  class='avia-slideshow av_slideshow_obj-1-69f7e59738c76 avia-slideshow-featured av_slideshow avia-slide-slider av-slideshow-ui av-control-default av-slideshow-manual av-loop-once av-loop-manual-endless av-default-height-applied  av-section-video-bg avia-slideshow-1' data-slideshow-options=\"{&quot;animation&quot;:&quot;slide&quot;,&quot;autoplay&quot;:false,&quot;loop_autoplay&quot;:&quot;once&quot;,&quot;interval&quot;:5,&quot;loop_manual&quot;:&quot;manual-endless&quot;,&quot;autoplay_stopper&quot;:false,&quot;noNavigation&quot;:false,&quot;bg_slider&quot;:false,&quot;keep_padding&quot;:false,&quot;hoverpause&quot;:false,&quot;show_slide_delay&quot;:0}\"  itemprop=\"image\" itemscope=\"itemscope\" itemtype=\"https:\/\/schema.org\/ImageObject\" ><ul class='avia-slideshow-inner ' style='padding-bottom: 28.666666666667%;'><li  data-controls='disabled' data-mute='aviaTBaviaTBvideo_mute' data-loop='1' data-disable-autoplay=''  data-video-ratio='1.7777777777778' class='avia-slideshow-slide av_slideshow_obj-1-69f7e59738c76__0  av-video-slide  av-video-service-youtube  av-hide-video-controls av-mute-video av-loop-video  av-single-slide slide-1 slide-odd'><div data-rel='slideshow-1' class='avia-slide-wrap '   ><div class='av-click-overlay'><\/div><div class='mejs-mediaelement'  itemprop=\"video\" itemtype=\"https:\/\/schema.org\/VideoObject\" ><div height='1600' width='900' class='av_youtube_frame' id='player_11_1412142539_821954698'  data-autoplay='0'  data-videoid='YG-M6k7Gp5s'  data-hd='1'  data-rel='0'  data-wmode='opaque'  data-loop='0'  data-version='3'  data-autohide='1'  data-color='white'  data-controls='0'  data-iv_load_policy='3'  data-original_url='https:\/\/www.youtube.com\/watch?v=YG-M6k7Gp5s' ><\/div><\/div><div class=\"av-click-to-play-overlay\"><div class=\"avia_playpause_icon\"><\/div><\/div><\/div><\/li><\/ul><\/div><div class='container av-section-cont-open' ><main  role=\"main\" itemprop=\"mainContentOfPage\"  class='template-page content  av-content-full alpha units'><div class='post-entry post-entry-type-page post-entry-11'><div class='entry-content-wrapper clearfix'>\n<\/div><\/div><\/main><!-- close content main element --><\/div><\/div>\n<style type=\"text\/css\" data-created_by=\"avia_inline_auto\" id=\"style-css-av-av_section-8113f3c783050fe45b7c54a276324810\">\n.avia-section.av-av_section-8113f3c783050fe45b7c54a276324810{\nbackground-color:#3399cc;\nbackground-image:unset;\n}\n<\/style>\n<div id='av_section_2'  class='avia-section av-av_section-8113f3c783050fe45b7c54a276324810 main_color avia-section-small avia-no-border-styling  avia-builder-el-1  el_after_av_section  el_before_av_section  first_part_container avia-bg-style-scroll container_wrap fullsize'  ><div class='container av-section-cont-open' ><div class='template-page content  av-content-full alpha units'><div class='post-entry post-entry-type-page post-entry-11'><div class='entry-content-wrapper clearfix'>\n\n<style type=\"text\/css\" data-created_by=\"avia_inline_auto\" id=\"style-css-av-av_image-cc1982f6f450d283201013cd94692c80\">\n.avia-image-container.av-av_image-cc1982f6f450d283201013cd94692c80 img.avia_image{\nbox-shadow:none;\n}\n.avia-image-container.av-av_image-cc1982f6f450d283201013cd94692c80 .av-image-caption-overlay-center{\ncolor:#ffffff;\n}\n<\/style>\n<div  class='avia-image-container av-av_image-cc1982f6f450d283201013cd94692c80 av-styling- avia-align-center  avia-builder-el-2  el_before_av_one_half  avia-builder-el-first  pijl_rondje'   itemprop=\"image\" itemscope=\"itemscope\" itemtype=\"https:\/\/schema.org\/ImageObject\" ><div class=\"avia-image-container-inner\"><div class=\"avia-image-overlay-wrap\"><img fetchpriority=\"high\" class='wp-image-3718 avia-img-lazy-loading-not-3718 avia_image ' src='https:\/\/www.easyswim.com\/fi\/wp-content\/uploads\/sites\/5\/2016\/10\/pijl-in-rondje-1.png' alt='' title='pijl-in-rondje-1'  height=\"112\" width=\"112\"  itemprop=\"thumbnailUrl\"  \/><\/div><\/div><\/div>\n\n<style type=\"text\/css\" data-created_by=\"avia_inline_auto\" id=\"style-css-av-av_one_half-6b9ab30622d0ea38b2584650b7c694fe\">\n#top .flex_column.av-av_one_half-6b9ab30622d0ea38b2584650b7c694fe{\nmargin-top:0px;\nmargin-bottom:0px;\n}\n.flex_column.av-av_one_half-6b9ab30622d0ea38b2584650b7c694fe{\nborder-radius:0px 0px 0px 0px;\npadding:35px 0px 35px 0px;\n}\n.responsive #top #wrap_all .flex_column.av-av_one_half-6b9ab30622d0ea38b2584650b7c694fe{\nmargin-top:0px;\nmargin-bottom:0px;\n}\n<\/style>\n<div  class='flex_column av-av_one_half-6b9ab30622d0ea38b2584650b7c694fe av_one_half  avia-builder-el-3  el_after_av_image  el_before_av_one_half  fullwidthsection first no_margin flex_column_div  '     ><p>\n<style type=\"text\/css\" data-created_by=\"avia_inline_auto\" id=\"style-css-av-av_image-d2ea8942cd632cc78ce1b329fd781e96\">\n.avia-image-container.av-av_image-d2ea8942cd632cc78ce1b329fd781e96 img.avia_image{\nbox-shadow:none;\n}\n.avia-image-container.av-av_image-d2ea8942cd632cc78ce1b329fd781e96 .av-image-caption-overlay-center{\ncolor:#ffffff;\n}\n<\/style>\n<div  class='avia-image-container av-av_image-d2ea8942cd632cc78ce1b329fd781e96 av-styling-circle avia-align-center  avia-builder-el-4  el_before_av_textblock  avia-builder-el-first '   itemprop=\"image\" itemscope=\"itemscope\" itemtype=\"https:\/\/schema.org\/ImageObject\" ><div class=\"avia-image-container-inner\"><div class=\"avia-image-overlay-wrap\"><a href=\"https:\/\/www.easyswim.com\/fi\/vanhemmille\/unelma-ja-uskomukset\/\" class='avia_image'  aria-label='vanhemmille'><img fetchpriority=\"high\" class='wp-image-3507 avia-img-lazy-loading-not-3507 avia_image ' src='https:\/\/www.easyswim.com\/fi\/wp-content\/uploads\/sites\/5\/2016\/10\/vanhemmille-1-e1479293457741.png' alt='' title='vanhemmille'  height=\"220\" width=\"221\"  itemprop=\"thumbnailUrl\"  \/><\/a><\/div><\/div><\/div><br \/>\n\n<style type=\"text\/css\" data-created_by=\"avia_inline_auto\" id=\"style-css-av-av_textblock-e8931f3a3cb0ffe4e01460315f0ed18b\">\n#top .av_textblock_section.av-av_textblock-e8931f3a3cb0ffe4e01460315f0ed18b .avia_textblock{\ncolor:#ffffff;\n}\n<\/style>\n<section  class='av_textblock_section av-av_textblock-e8931f3a3cb0ffe4e01460315f0ed18b '   itemscope=\"itemscope\" itemtype=\"https:\/\/schema.org\/CreativeWork\" ><div class='avia_textblock av_inherit_color'  itemprop=\"text\" ><p style=\"text-align: center\">Etsin uimaopetusta<br \/>\nlapselleni<\/p>\n<\/div><\/section><br \/>\n<div  class='avia-button-wrap av-av_button-ad222477307e1f5561efd0fa6c4a0bcf-wrap avia-button-center  avia-builder-el-6  el_after_av_textblock  avia-builder-el-last  roze roze2'>\n<style type=\"text\/css\" data-created_by=\"avia_inline_auto\" id=\"style-css-av-av_button-ad222477307e1f5561efd0fa6c4a0bcf\">\n#top #wrap_all .avia-button.av-av_button-ad222477307e1f5561efd0fa6c4a0bcf{\nbackground-color:#ffffff;\nborder-color:#ffffff;\ncolor:#666666;\ntransition:all 0.4s ease-in-out;\n}\n<\/style>\n<a href='https:\/\/www.easyswim.com\/fi\/vanhemmille\/unelma-ja-uskomukset\/'  class='avia-button av-av_button-ad222477307e1f5561efd0fa6c4a0bcf avia-icon_select-yes-left-icon avia-size-large avia-position-center'  ><span class='avia_button_icon avia_button_icon_left' aria-hidden='true' data-av_icon='\ue875' data-av_iconfont='entypo-fontello'><\/span><span class='avia_iconbox_title' > Klikkaa t\u00e4st\u00e4<\/span><\/a><\/div><\/p><\/div>\n<style type=\"text\/css\" data-created_by=\"avia_inline_auto\" id=\"style-css-av-av_one_half-03125f7543c265a4a53200df27398761\">\n#top .flex_column.av-av_one_half-03125f7543c265a4a53200df27398761{\nmargin-top:0px;\nmargin-bottom:0px;\n}\n.flex_column.av-av_one_half-03125f7543c265a4a53200df27398761{\nborder-radius:0px 0px 0px 0px;\npadding:35px 0px 35px 0px;\n}\n.responsive #top #wrap_all .flex_column.av-av_one_half-03125f7543c265a4a53200df27398761{\nmargin-top:0px;\nmargin-bottom:0px;\n}\n<\/style>\n<div  class='flex_column av-av_one_half-03125f7543c265a4a53200df27398761 av_one_half  avia-builder-el-7  el_after_av_one_half  avia-builder-el-last  no_margin flex_column_div  '     ><p>\n<style type=\"text\/css\" data-created_by=\"avia_inline_auto\" id=\"style-css-av-av_image-a58401e0373a04f613cd323bdc445ffe\">\n.avia-image-container.av-av_image-a58401e0373a04f613cd323bdc445ffe img.avia_image{\nbox-shadow:none;\n}\n.avia-image-container.av-av_image-a58401e0373a04f613cd323bdc445ffe .av-image-caption-overlay-center{\ncolor:#ffffff;\n}\n<\/style>\n<div  class='avia-image-container av-av_image-a58401e0373a04f613cd323bdc445ffe av-styling-circle avia-align-center  avia-builder-el-8  el_before_av_textblock  avia-builder-el-first '   itemprop=\"image\" itemscope=\"itemscope\" itemtype=\"https:\/\/schema.org\/ImageObject\" ><div class=\"avia-image-container-inner\"><div class=\"avia-image-overlay-wrap\"><a href=\"https:\/\/www.easyswim.com\/fi\/uima-altaille\/unelma-ja-uskomukset\/\" class='avia_image'  aria-label='uima-altaille'><img fetchpriority=\"high\" class='wp-image-3563 avia-img-lazy-loading-not-3563 avia_image ' src='https:\/\/www.easyswim.com\/fi\/wp-content\/uploads\/sites\/5\/2016\/10\/uima-altaille.png' alt='' title='uima-altaille'  height=\"220\" width=\"221\"  itemprop=\"thumbnailUrl\"  \/><\/a><\/div><\/div><\/div><br \/>\n\n<style type=\"text\/css\" data-created_by=\"avia_inline_auto\" id=\"style-css-av-av_textblock-e8931f3a3cb0ffe4e01460315f0ed18b\">\n#top .av_textblock_section.av-av_textblock-e8931f3a3cb0ffe4e01460315f0ed18b .avia_textblock{\ncolor:#ffffff;\n}\n<\/style>\n<section  class='av_textblock_section av-av_textblock-e8931f3a3cb0ffe4e01460315f0ed18b '   itemscope=\"itemscope\" itemtype=\"https:\/\/schema.org\/CreativeWork\" ><div class='avia_textblock av_inherit_color'  itemprop=\"text\" ><p style=\"text-align: center\">Tarjoan<br \/>\nuimaopetusta<\/p>\n<\/div><\/section><br \/>\n<div  class='avia-button-wrap av-av_button-3d96f1cc2de79ec0953d53925380b0b7-wrap avia-button-center  avia-builder-el-10  el_after_av_textblock  avia-builder-el-last  roze roze2'>\n<style type=\"text\/css\" data-created_by=\"avia_inline_auto\" id=\"style-css-av-av_button-3d96f1cc2de79ec0953d53925380b0b7\">\n#top #wrap_all .avia-button.av-av_button-3d96f1cc2de79ec0953d53925380b0b7{\nbackground-color:#ffffff;\nborder-color:#ffffff;\ncolor:#666666;\ntransition:all 0.4s ease-in-out;\n}\n<\/style>\n<a href='https:\/\/www.easyswim.com\/fi\/uima-altaille\/unelma-ja-uskomukset\/'  class='avia-button av-av_button-3d96f1cc2de79ec0953d53925380b0b7 avia-icon_select-yes-left-icon avia-size-large avia-position-center'  ><span class='avia_button_icon avia_button_icon_left' aria-hidden='true' data-av_icon='\ue875' data-av_iconfont='entypo-fontello'><\/span><span class='avia_iconbox_title' > Klikkaa t\u00e4st\u00e4<\/span><\/a><\/div><\/p><\/div>\n\n<\/div><\/div><\/div><!-- close content main div --><\/div><\/div><div id='av_section_3'  class='avia-section av-av_section-7bc3ba5026aabcc8bf2ae75ce1d2f919 main_color avia-section-small avia-no-border-styling  avia-builder-el-11  el_after_av_section  el_before_av_section  avia-bg-style-scroll container_wrap fullsize'  ><div class='container av-section-cont-open' ><div class='template-page content  av-content-full alpha units'><div class='post-entry post-entry-type-page post-entry-11'><div class='entry-content-wrapper clearfix'>\n\n<style type=\"text\/css\" data-created_by=\"avia_inline_auto\" id=\"style-css-av-av_one_full-55309b5daf819828e7f296154c1b6ba8\">\n.flex_column.av-av_one_full-55309b5daf819828e7f296154c1b6ba8{\nborder-radius:0px 0px 0px 0px;\npadding:20px 0px 20px 0px;\n}\n<\/style>\n<div  class='flex_column av-av_one_full-55309b5daf819828e7f296154c1b6ba8 av_one_full  avia-builder-el-12  avia-builder-el-no-sibling  first flex_column_div  '     ><style type=\"text\/css\" data-created_by=\"avia_inline_auto\" id=\"style-css-av-av_textblock-2f6485391201f3e8710d61adb7ebf906\">\n#top .av_textblock_section.av-av_textblock-2f6485391201f3e8710d61adb7ebf906 .avia_textblock{\nfont-size:30px;\n}\n<\/style>\n<section  class='av_textblock_section av-av_textblock-2f6485391201f3e8710d61adb7ebf906 '   itemscope=\"itemscope\" itemtype=\"https:\/\/schema.org\/CreativeWork\" ><div class='avia_textblock'  itemprop=\"text\" ><h1 style=\"text-align: center\"><span style=\"color: #ff0099\">Muutoksia EasySwim Finland Oy:n omistussuhteisiin<\/span><\/h1>\n<p style=\"text-align: center\">EasySwim Finland Oy:n omistussuhteet muuttuivat 5.10.2018, mutta toiminta jatkuu ennallaan.<\/p>\n<p style=\"text-align: center\">Lue lis\u00e4\u00e4 linkist\u00e4.<\/p>\n<div  class='avia-button-wrap av-av_button-61495edff268bd99444bfea0ff7f7f93-wrap avia-button-center  avia-builder-el-14  avia-builder-el-no-sibling '><a href='https:\/\/www.easyswim.com\/fi\/easyswim-finland-oyssa-muutoksia-omistussuhteisiin\/'  class='avia-button av-av_button-61495edff268bd99444bfea0ff7f7f93 avia-icon_select-no avia-size-x-large avia-position-center avia-color-theme-color'  ><span class='avia_iconbox_title' >Lue lis\u00e4\u00e4 omistussuhteiden muutoksesta<\/span><\/a><\/div>\n<p style=\"text-align: center;font-size: 40px\"><span style=\"color: #3399cc\">Uima<\/span><span style=\"color: #ff0099\">hupi<\/span><span style=\"color: #3399cc\">tunnit<\/span><\/p>\n<\/div><\/section><br \/>\n\n<style type=\"text\/css\" data-created_by=\"avia_inline_auto\" id=\"style-css-av-av_textblock-9b1321c43bafb2111fc27665672dd31f\">\n#top .av_textblock_section.av-av_textblock-9b1321c43bafb2111fc27665672dd31f .avia_textblock{\nfont-size:22px;\n}\n<\/style>\n<section  class='av_textblock_section av-av_textblock-9b1321c43bafb2111fc27665672dd31f '   itemscope=\"itemscope\" itemtype=\"https:\/\/schema.org\/CreativeWork\" ><div class='avia_textblock'  itemprop=\"text\" ><p style=\"color: #000000;text-align: center\">Haluamme kaikkien pienten lasten nauttivan uimatunneista t\u00e4ysin siemauksin.<br \/>\nHaluamme lasten odottavan jokaista uimatuntia vilpitt\u00f6m\u00e4n innoissaan.<br \/>\nHaluamme, ett\u00e4 uimatuntien opettajat nauttivat aidosti ty\u00f6st\u00e4\u00e4n ja ovat siihen eritt\u00e4in sitoutuneita.<br \/>\nUskomme kokemuspohjaiseen oppimiseen, joka korostaa lapsen hyvinvointia sek\u00e4 osallistamista, mik\u00e4 my\u00f6s johtaa parempiin lopputuloksiin.<br \/>\nOlemme n\u00e4hneet vanhempien sis\u00e4ist\u00e4v\u00e4n\u00a0visiomme ja jakavan sit\u00e4\u00a0intohimoisesti muiden vanhempien kanssa, mink\u00e4 ansiosta yh\u00e4 useampi lapsi voi kokea hauskimmat ja parhaat uimatunnit, mik\u00e4 johtaa elinik\u00e4iseen hauskanpitoon uimisen parissa.<\/p>\n<p style=\"color: #000000;text-align: center\">T\u00e4m\u00e4n takia uskomme uimahupitunteihin!<\/p>\n<\/div><\/section><\/p><\/div><\/div><\/div><\/div><!-- close content main div --><\/div><\/div>\n<style type=\"text\/css\" data-created_by=\"avia_inline_auto\" id=\"style-css-av-av_section-e299801468911b5b4aae2de8f5433d3b\">\n.avia-section.av-av_section-e299801468911b5b4aae2de8f5433d3b{\nbackground-repeat:no-repeat;\nbackground-image:url(https:\/\/www.easyswim.com\/fi\/wp-content\/uploads\/sites\/5\/2016\/10\/kind-2.png);\nbackground-position:50% 50%;\nbackground-attachment:scroll;\n}\n<\/style>\n<div id='av_section_4'  class='avia-section av-av_section-e299801468911b5b4aae2de8f5433d3b main_color avia-section-no-padding avia-no-border-styling  avia-builder-el-16  el_after_av_section  avia-builder-el-last  avia-full-stretch avia-bg-style-scroll av-minimum-height av-minimum-height-50 av-height-50  container_wrap fullsize'  data-section-bg-repeat='stretch' data-av_minimum_height_pc='50' data-av_min_height_opt='50'><div class='container av-section-cont-open' ><div class='template-page content  av-content-full alpha units'><div class='post-entry post-entry-type-page post-entry-11'><div class='entry-content-wrapper clearfix'>\n\n<style type=\"text\/css\" data-created_by=\"avia_inline_auto\" id=\"style-css-av-av_one_third-084b044d7ea6e46ba6a77bd04ec234fe\">\n.flex_column.av-av_one_third-084b044d7ea6e46ba6a77bd04ec234fe{\nborder-radius:0 0 0 0;\npadding:0px 0px 0px 0px;\nbackground-color:#ff0088;\n}\n<\/style>\n<div  class='flex_column av-av_one_third-084b044d7ea6e46ba6a77bd04ec234fe av_one_third  avia-builder-el-17  avia-builder-el-no-sibling  search_widget top_radius first flex_column_div av-zero-column-padding  '     ><section  class='av_textblock_section av-av_textblock-ed518ac879090efa8b03f27d4546d03f '   itemscope=\"itemscope\" itemtype=\"https:\/\/schema.org\/CreativeWork\" ><div class='avia_textblock search_widget_title'  itemprop=\"text\" ><p style=\"text-align: center\">L\u00f6yd\u00e4 l\u00e4hin<br \/>\nEasySwim-altaasi!<\/p>\n<\/div><\/section><br \/>\n<\/p><\/div>\n<\/p>\n","protected":false},"excerpt":{"rendered":"","protected":false},"author":1,"featured_media":0,"parent":0,"menu_order":0,"comment_status":"closed","ping_status":"closed","template":"","meta":{"footnotes":""},"_links":{"self":[{"href":"https:\/\/www.easyswim.com\/fi\/wp-json\/wp\/v2\/pages\/11"}],"collection":[{"href":"https:\/\/www.easyswim.com\/fi\/wp-json\/wp\/v2\/pages"}],"about":[{"href":"https:\/\/www.easyswim.com\/fi\/wp-json\/wp\/v2\/types\/page"}],"author":[{"embeddable":true,"href":"https:\/\/www.easyswim.com\/fi\/wp-json\/wp\/v2\/users\/1"}],"replies":[{"embeddable":true,"href":"https:\/\/www.easyswim.com\/fi\/wp-json\/wp\/v2\/comments?post=11"}],"version-history":[{"count":163,"href":"https:\/\/www.easyswim.com\/fi\/wp-json\/wp\/v2\/pages\/11\/revisions"}],"predecessor-version":[{"id":3875,"href":"https:\/\/www.easyswim.com\/fi\/wp-json\/wp\/v2\/pages\/11\/revisions\/3875"}],"wp:attachment":[{"href":"https:\/\/www.easyswim.com\/fi\/wp-json\/wp\/v2\/media?parent=11"}],"curies":[{"name":"wp","href":"https:\/\/api.w.org\/{rel}","templated":true}]}}